{"id":6659,"date":"2025-03-21T14:53:55","date_gmt":"2025-03-21T13:53:55","guid":{"rendered":"https:\/\/www.smp-technik.fr\/?page_id=6659"},"modified":"2025-03-21T15:03:34","modified_gmt":"2025-03-21T14:03:34","slug":"logiciel-detectool","status":"publish","type":"page","link":"https:\/\/www.smp-technik.fr\/index.php\/logiciels-2\/logiciel-detectool\/","title":{"rendered":"Logiciel Detec&#8217;Tool"},"content":{"rendered":"<div class=\"wp-block-image\">\n<figure class=\"aligncenter size-full\"><img data-dominant-color=\"eee9ec\" data-has-transparency=\"true\" style=\"--dominant-color: #eee9ec;\" loading=\"lazy\" decoding=\"async\" width=\"2000\" height=\"600\" data-attachment-id=\"6655\" data-permalink=\"https:\/\/www.smp-technik.fr\/banniere-page-logiciel-detectool\/\" data-orig-file=\"https:\/\/www.smp-technik.fr\/wp-content\/uploads\/2025\/03\/Banniere-page-LOGICIEL-DetecTool.png\" data-orig-size=\"2000,600\" data-comments-opened=\"1\" data-image-meta=\"{&quot;aperture&quot;:&quot;0&quot;,&quot;credit&quot;:&quot;&quot;,&quot;camera&quot;:&quot;&quot;,&quot;caption&quot;:&quot;&quot;,&quot;created_timestamp&quot;:&quot;0&quot;,&quot;copyright&quot;:&quot;&quot;,&quot;focal_length&quot;:&quot;0&quot;,&quot;iso&quot;:&quot;0&quot;,&quot;shutter_speed&quot;:&quot;0&quot;,&quot;title&quot;:&quot;&quot;,&quot;orientation&quot;:&quot;0&quot;}\" data-image-title=\"Banniere page LOGICIEL DetecTool\" data-image-description=\"\" data-image-caption=\"\" data-medium-file=\"https:\/\/www.smp-technik.fr\/wp-content\/uploads\/2025\/03\/Banniere-page-LOGICIEL-DetecTool-300x90.png\" data-large-file=\"https:\/\/www.smp-technik.fr\/wp-content\/uploads\/2025\/03\/Banniere-page-LOGICIEL-DetecTool-1024x307.png\" src=\"https:\/\/www.smp-technik.fr\/wp-content\/uploads\/2025\/03\/Banniere-page-LOGICIEL-DetecTool.png\" alt=\"\" class=\"has-transparency wp-image-6655\" srcset=\"https:\/\/www.smp-technik.fr\/wp-content\/uploads\/2025\/03\/Banniere-page-LOGICIEL-DetecTool.png 2000w, https:\/\/www.smp-technik.fr\/wp-content\/uploads\/2025\/03\/Banniere-page-LOGICIEL-DetecTool-300x90.png 300w, https:\/\/www.smp-technik.fr\/wp-content\/uploads\/2025\/03\/Banniere-page-LOGICIEL-DetecTool-1024x307.png 1024w, https:\/\/www.smp-technik.fr\/wp-content\/uploads\/2025\/03\/Banniere-page-LOGICIEL-DetecTool-768x230.png 768w, https:\/\/www.smp-technik.fr\/wp-content\/uploads\/2025\/03\/Banniere-page-LOGICIEL-DetecTool-1536x461.png 1536w, https:\/\/www.smp-technik.fr\/wp-content\/uploads\/2025\/03\/Banniere-page-LOGICIEL-DetecTool-228x68.png 228w\" sizes=\"auto, (max-width: 2000px) 100vw, 2000px\" \/><\/figure>\n<\/div>\n\n\n<div style=\"height:100px\" aria-hidden=\"true\" class=\"wp-block-spacer\"><\/div>\n\n\n\n<figure class=\"wp-block-image size-large\"><img data-dominant-color=\"234058\" data-has-transparency=\"true\" style=\"--dominant-color: #234058;\" loading=\"lazy\" decoding=\"async\" width=\"1024\" height=\"1024\" data-attachment-id=\"6658\" data-permalink=\"https:\/\/www.smp-technik.fr\/pub_detectool\/\" data-orig-file=\"https:\/\/www.smp-technik.fr\/wp-content\/uploads\/2025\/03\/Pub_DetecTool.png\" data-orig-size=\"1200,1200\" data-comments-opened=\"1\" data-image-meta=\"{&quot;aperture&quot;:&quot;0&quot;,&quot;credit&quot;:&quot;&quot;,&quot;camera&quot;:&quot;&quot;,&quot;caption&quot;:&quot;&quot;,&quot;created_timestamp&quot;:&quot;0&quot;,&quot;copyright&quot;:&quot;&quot;,&quot;focal_length&quot;:&quot;0&quot;,&quot;iso&quot;:&quot;0&quot;,&quot;shutter_speed&quot;:&quot;0&quot;,&quot;title&quot;:&quot;&quot;,&quot;orientation&quot;:&quot;0&quot;}\" data-image-title=\"Pub_DetecTool\" data-image-description=\"\" data-image-caption=\"\" data-medium-file=\"https:\/\/www.smp-technik.fr\/wp-content\/uploads\/2025\/03\/Pub_DetecTool-300x300.png\" data-large-file=\"https:\/\/www.smp-technik.fr\/wp-content\/uploads\/2025\/03\/Pub_DetecTool-1024x1024.png\" src=\"https:\/\/www.smp-technik.fr\/wp-content\/uploads\/2025\/03\/Pub_DetecTool-1024x1024.png\" alt=\"\" class=\"has-transparency wp-image-6658\" srcset=\"https:\/\/www.smp-technik.fr\/wp-content\/uploads\/2025\/03\/Pub_DetecTool-1024x1024.png 1024w, https:\/\/www.smp-technik.fr\/wp-content\/uploads\/2025\/03\/Pub_DetecTool-300x300.png 300w, https:\/\/www.smp-technik.fr\/wp-content\/uploads\/2025\/03\/Pub_DetecTool-150x150.png 150w, https:\/\/www.smp-technik.fr\/wp-content\/uploads\/2025\/03\/Pub_DetecTool-768x768.png 768w, https:\/\/www.smp-technik.fr\/wp-content\/uploads\/2025\/03\/Pub_DetecTool-116x116.png 116w, https:\/\/www.smp-technik.fr\/wp-content\/uploads\/2025\/03\/Pub_DetecTool-50x50.png 50w, https:\/\/www.smp-technik.fr\/wp-content\/uploads\/2025\/03\/Pub_DetecTool.png 1200w\" sizes=\"auto, (max-width: 1024px) 100vw, 1024px\" \/><\/figure>\n\n\n\n<figure class=\"wp-block-embed is-type-video is-provider-youtube wp-block-embed-youtube wp-embed-aspect-16-9 wp-has-aspect-ratio\"><div class=\"wp-block-embed__wrapper\">\n<span class=\"embed-youtube\" style=\"text-align:center; display: block;\"><iframe loading=\"lazy\" class=\"youtube-player\" width=\"640\" height=\"360\" src=\"https:\/\/www.youtube.com\/embed\/NOzQv9rAN3Y?version=3&#038;rel=1&#038;showsearch=0&#038;showinfo=1&#038;iv_load_policy=1&#038;fs=1&#038;hl=en-US&#038;autohide=2&#038;wmode=transparent\" allowfullscreen=\"true\" style=\"border:0;\" sandbox=\"allow-scripts allow-same-origin allow-popups allow-presentation\"><\/iframe><\/span>\n<\/div><\/figure>\n\n\n\n<figure class=\"wp-block-embed is-type-video is-provider-youtube wp-block-embed-youtube wp-embed-aspect-16-9 wp-has-aspect-ratio\"><div class=\"wp-block-embed__wrapper\">\n<span class=\"embed-youtube\" style=\"text-align:center; display: block;\"><iframe loading=\"lazy\" class=\"youtube-player\" width=\"640\" height=\"360\" src=\"https:\/\/www.youtube.com\/embed\/iQTNckzfQNo?version=3&#038;rel=1&#038;showsearch=0&#038;showinfo=1&#038;iv_load_policy=1&#038;fs=1&#038;hl=en-US&#038;autohide=2&#038;wmode=transparent\" allowfullscreen=\"true\" style=\"border:0;\" sandbox=\"allow-scripts allow-same-origin allow-popups allow-presentation\"><\/iframe><\/span>\n<\/div><\/figure>\n","protected":false},"excerpt":{"rendered":"","protected":false},"author":1,"featured_media":0,"parent":5475,"menu_order":0,"comment_status":"closed","ping_status":"closed","template":"templates\/fullwidth.php","meta":{"footnotes":""},"class_list":["post-6659","page","type-page","status-publish","hentry"],"jetpack_sharing_enabled":true,"jetpack-related-posts":[{"id":3902,"url":"https:\/\/www.smp-technik.fr\/index.php\/nos-machines-3\/ca5\/","url_meta":{"origin":6659,"position":0},"title":"CA5","author":"smpadmin","date":"6 March 2023","format":false,"excerpt":"Equip\u00e9e d\u2019une longue table de 720 mm, d\u2019une large gamme d\u2019accessoires, d'une \u00e9lectro broche puissante et du logiciel multifonction EasyGrind d\u00e9velopp\u00e9 par SMP Technik, La CA5 EvoBoost est parfaite pour la r\u00e9alisation de tous vos outils de petite et moyenne taille. Logiciels Travail Horizontal Moteur Lin\u00e9aire 5 axes Caract\u00e9ristiques techniques\u2026","rel":"","context":"Similar post","block_context":{"text":"Similar post","link":""},"img":{"alt_text":"CA5","src":"https:\/\/i0.wp.com\/www.smp-technik.fr\/wp-content\/uploads\/2023\/12\/CA5-cote-gauche-ombre-fond-blanc-min.png?resize=350%2C200&ssl=1","width":350,"height":200},"classes":[]},{"id":3896,"url":"https:\/\/www.smp-technik.fr\/index.php\/nos-machines-3\/vg300-2\/","url_meta":{"origin":6659,"position":1},"title":"VG300","author":"smpadmin","date":"6 March 2023","format":false,"excerpt":"Avec son axe porte outil vertical, la VG300 offre un chargement rapide et ergonomique de l\u2019outil. Ce centre est particuli\u00e8rement bien adapt\u00e9 aux travaux d\u2019aff\u00fbtage et de fabrication d\u2019outils sp\u00e9ciaux. La\u00a0position verticale\u00a0d\u2019usinage apporte \u00e0 l\u2019op\u00e9rateur un\u00a0v\u00e9ritable confort d\u2019utilisation\u00a0(mise en place des mandrins, visualisation ais\u00e9e des outils) Logiciels Travail vertical 5\u2026","rel":"","context":"Similar post","block_context":{"text":"Similar post","link":""},"img":{"alt_text":"VG300","src":"https:\/\/i0.wp.com\/www.smp-technik.fr\/wp-content\/uploads\/2023\/12\/VG300.png?resize=350%2C200&ssl=1","width":350,"height":200},"classes":[]},{"id":3874,"url":"https:\/\/www.smp-technik.fr\/index.php\/nos-machines-3\/vg400-linear\/","url_meta":{"origin":6659,"position":2},"title":"VG400 LINEAR","author":"smpadmin","date":"6 March 2023","format":false,"excerpt":"Rigidit\u00e9, universalit\u00e9, rapidit\u00e9 et pr\u00e9cision d\u2019ex\u00e9cution\u00a0sont les caract\u00e9ristiques marquantes de la VG400 LINEAR. Gr\u00e2ce\u00a0\u00e0 son b\u00e2ti\u00a0granit, ses r\u00e8gles de mesures, ses moteurs lin\u00e9aires La\u00a0position verticale\u00a0d\u2019usinage apporte \u00e0 l\u2019op\u00e9rateur de l\u2019ergonomie et un\u00a0v\u00e9ritable confort d\u2019utilisation\u00a0et assure une\u00a0pr\u00e9cision d\u2019usinage parfaite. V\u00e9ritable atout : La position verticale\u00a0est reconnue dans le milieu de l'aff\u00fbtage\u2026","rel":"","context":"Similar post","block_context":{"text":"Similar post","link":""},"img":{"alt_text":"VG400","src":"https:\/\/i0.wp.com\/www.smp-technik.fr\/wp-content\/uploads\/2023\/12\/VG400.png?resize=350%2C200&ssl=1","width":350,"height":200},"classes":[]},{"id":5475,"url":"https:\/\/www.smp-technik.fr\/index.php\/logiciels-2\/","url_meta":{"origin":6659,"position":3},"title":"Logiciels","author":"smpadmin","date":"18 October 2023","format":false,"excerpt":"Les logiciels utilis\u00e9s sur nos machines sont con\u00e7us pour optimiser et automatiser les processus de production. Ces logiciels offrent une vari\u00e9t\u00e9 de fonctionnalit\u00e9s essentielles pour les op\u00e9rations d'usinage et de r\u00e9affutage, notamment la simulation des actions des meules, le contr\u00f4le des machines et l'acc\u00e8s \u00e0 une large gamme d'outils. Gr\u00e2ce\u2026","rel":"","context":"Similar post","block_context":{"text":"Similar post","link":""},"img":{"alt_text":"logo easygrind","src":"https:\/\/i0.wp.com\/www.smp-technik.fr\/wp-content\/uploads\/2023\/10\/Logo-EASYGRIND-2023-HD.png?resize=350%2C200&ssl=1","width":350,"height":200,"srcset":"https:\/\/i0.wp.com\/www.smp-technik.fr\/wp-content\/uploads\/2023\/10\/Logo-EASYGRIND-2023-HD.png?resize=350%2C200&ssl=1 1x, https:\/\/i0.wp.com\/www.smp-technik.fr\/wp-content\/uploads\/2023\/10\/Logo-EASYGRIND-2023-HD.png?resize=525%2C300&ssl=1 1.5x, https:\/\/i0.wp.com\/www.smp-technik.fr\/wp-content\/uploads\/2023\/10\/Logo-EASYGRIND-2023-HD.png?resize=700%2C400&ssl=1 2x, https:\/\/i0.wp.com\/www.smp-technik.fr\/wp-content\/uploads\/2023\/10\/Logo-EASYGRIND-2023-HD.png?resize=1050%2C600&ssl=1 3x, https:\/\/i0.wp.com\/www.smp-technik.fr\/wp-content\/uploads\/2023\/10\/Logo-EASYGRIND-2023-HD.png?resize=1400%2C800&ssl=1 4x"},"classes":[]},{"id":6611,"url":"https:\/\/www.smp-technik.fr\/index.php\/logiciels-2\/logiciel-broachexpert\/","url_meta":{"origin":6659,"position":4},"title":"Logiciel Broach Expert","author":"smpadmin","date":"20 March 2025","format":false,"excerpt":"Broach Expert est un module d'affutage et de fabrication de broches. D\u00e9velopp\u00e9 en interne depuis plus de 40 ans, les fonctionnalit\u00e9s sont nombreuses. Nos \u00e9quipes en am\u00e9liorent chaque jour les fonctionnalit\u00e9s. Voir les nouveaut\u00e9s T\u00e9l\u00e9charger la plaquette Utilise le langage des aff\u00fbteurs 40 ans d'exp\u00e9rience Programmation d'outils sp\u00e9ciaux eSim :\u2026","rel":"","context":"Similar post","block_context":{"text":"Similar post","link":""},"img":{"alt_text":"","src":"https:\/\/i0.wp.com\/www.smp-technik.fr\/wp-content\/uploads\/2025\/03\/Banniere-page-LOGICIEL-BROCHE-2.png?resize=350%2C200&ssl=1","width":350,"height":200,"srcset":"https:\/\/i0.wp.com\/www.smp-technik.fr\/wp-content\/uploads\/2025\/03\/Banniere-page-LOGICIEL-BROCHE-2.png?resize=350%2C200&ssl=1 1x, https:\/\/i0.wp.com\/www.smp-technik.fr\/wp-content\/uploads\/2025\/03\/Banniere-page-LOGICIEL-BROCHE-2.png?resize=525%2C300&ssl=1 1.5x, https:\/\/i0.wp.com\/www.smp-technik.fr\/wp-content\/uploads\/2025\/03\/Banniere-page-LOGICIEL-BROCHE-2.png?resize=700%2C400&ssl=1 2x, https:\/\/i0.wp.com\/www.smp-technik.fr\/wp-content\/uploads\/2025\/03\/Banniere-page-LOGICIEL-BROCHE-2.png?resize=1050%2C600&ssl=1 3x, https:\/\/i0.wp.com\/www.smp-technik.fr\/wp-content\/uploads\/2025\/03\/Banniere-page-LOGICIEL-BROCHE-2.png?resize=1400%2C800&ssl=1 4x"},"classes":[]},{"id":6593,"url":"https:\/\/www.smp-technik.fr\/index.php\/logiciels-2\/logiciel-easygrind\/","url_meta":{"origin":6659,"position":5},"title":"Logiciel EasyGrind","author":"smpadmin","date":"20 March 2025","format":false,"excerpt":"EasyGrind est un logiciel de fabrication assist\u00e9e par ordinateur (FAO) d\u00e9velopp\u00e9 en interne pour l'affutage d'outils coupants, forts de 40 ann\u00e9es d'exp\u00e9rience dans le domaine, nos \u00e9quipes en am\u00e9liorent chaque jour les fonctionnalit\u00e9s. Voir les nouveaut\u00e9s T\u00e9l\u00e9charger la plaquette Utilise le langage des aff\u00fbteurs 40 ans d'exp\u00e9rience Programmation d'outils sp\u00e9ciaux\u2026","rel":"","context":"Similar post","block_context":{"text":"Similar post","link":""},"img":{"alt_text":"","src":"https:\/\/i0.wp.com\/www.smp-technik.fr\/wp-content\/uploads\/2025\/03\/Banniere-page-LOGICIEL.png?resize=350%2C200&ssl=1","width":350,"height":200,"srcset":"https:\/\/i0.wp.com\/www.smp-technik.fr\/wp-content\/uploads\/2025\/03\/Banniere-page-LOGICIEL.png?resize=350%2C200&ssl=1 1x, https:\/\/i0.wp.com\/www.smp-technik.fr\/wp-content\/uploads\/2025\/03\/Banniere-page-LOGICIEL.png?resize=525%2C300&ssl=1 1.5x, https:\/\/i0.wp.com\/www.smp-technik.fr\/wp-content\/uploads\/2025\/03\/Banniere-page-LOGICIEL.png?resize=700%2C400&ssl=1 2x, https:\/\/i0.wp.com\/www.smp-technik.fr\/wp-content\/uploads\/2025\/03\/Banniere-page-LOGICIEL.png?resize=1050%2C600&ssl=1 3x, https:\/\/i0.wp.com\/www.smp-technik.fr\/wp-content\/uploads\/2025\/03\/Banniere-page-LOGICIEL.png?resize=1400%2C800&ssl=1 4x"},"classes":[]}],"_links":{"self":[{"href":"https:\/\/www.smp-technik.fr\/index.php\/wp-json\/wp\/v2\/pages\/6659","targetHints":{"allow":["GET"]}}],"collection":[{"href":"https:\/\/www.smp-technik.fr\/index.php\/wp-json\/wp\/v2\/pages"}],"about":[{"href":"https:\/\/www.smp-technik.fr\/index.php\/wp-json\/wp\/v2\/types\/page"}],"author":[{"embeddable":true,"href":"https:\/\/www.smp-technik.fr\/index.php\/wp-json\/wp\/v2\/users\/1"}],"replies":[{"embeddable":true,"href":"https:\/\/www.smp-technik.fr\/index.php\/wp-json\/wp\/v2\/comments?post=6659"}],"version-history":[{"count":2,"href":"https:\/\/www.smp-technik.fr\/index.php\/wp-json\/wp\/v2\/pages\/6659\/revisions"}],"predecessor-version":[{"id":6668,"href":"https:\/\/www.smp-technik.fr\/index.php\/wp-json\/wp\/v2\/pages\/6659\/revisions\/6668"}],"up":[{"embeddable":true,"href":"https:\/\/www.smp-technik.fr\/index.php\/wp-json\/wp\/v2\/pages\/5475"}],"wp:attachment":[{"href":"https:\/\/www.smp-technik.fr\/index.php\/wp-json\/wp\/v2\/media?parent=6659"}],"curies":[{"name":"wp","href":"https:\/\/api.w.org\/{rel}","templated":true}]}}