{"id":6025,"date":"2023-12-06T11:40:33","date_gmt":"2023-12-06T10:40:33","guid":{"rendered":"https:\/\/www.smp-technik.fr\/?page_id=6025"},"modified":"2023-12-06T14:50:01","modified_gmt":"2023-12-06T13:50:01","slug":"__trashed","status":"publish","type":"page","link":"https:\/\/www.smp-technik.fr\/index.php\/it\/le-nostroe-machina\/__trashed\/","title":{"rendered":"Attrezzatura"},"content":{"rendered":"\n<p>SMP Technik vi propone anche una gamma di attrezzature per migliorare e facilitare la manutenzione dei vostri utensili e delle vostre attrezzature.<\/p>\n\n\n            <div class=\"wp-block-icb-cards  align\" id='icbCards-ddd43a75-6d61-4a38-b731-e6cc76bd69c5' data-attributes='{&quot;clientId&quot;:&quot;ddd43a75-6d61-4a38-b731-e6cc76bd69c5&quot;,&quot;cards&quot;:[{&quot;background&quot;:{&quot;color&quot;:&quot;#fff&quot;},&quot;img&quot;:&quot;https:\\\/\\\/www.smp-technik.fr\\\/wp-content\\\/uploads\\\/2023\\\/11\\\/equilibreuse.png&quot;,&quot;title&quot;:&quot;Bilanciatore BMT200.OP20 -100&quot;,&quot;desc&quot;:&quot;&quot;,&quot;btnLabal&quot;:&quot;Dettagli&quot;,&quot;btnUrl&quot;:&quot;https:\\\/\\\/www.smp-technik.fr\\\/index.php\\\/it\\\/le-nostroe-machina\\\/__trashed\\\/bilanciatore-bmt200-op\\\/&quot;},{&quot;background&quot;:{&quot;color&quot;:&quot;#fff&quot;},&quot;img&quot;:&quot;https:\\\/\\\/www.smp-technik.fr\\\/wp-content\\\/uploads\\\/2023\\\/11\\\/image-2-edited.png&quot;,&quot;title&quot;:&quot;Bilanciatore BMT200.TS20&quot;,&quot;desc&quot;:&quot;&quot;,&quot;btnLabal&quot;:&quot;Dettagli&quot;,&quot;btnUrl&quot;:&quot;https:\\\/\\\/www.smp-technik.fr\\\/index.php\\\/it\\\/le-nostroe-machina\\\/__trashed\\\/bilanciatore-bmt200-ts20\\\/&quot;},{&quot;background&quot;:{&quot;color&quot;:&quot;#fff&quot;},&quot;img&quot;:&quot;https:\\\/\\\/www.smp-technik.fr\\\/wp-content\\\/uploads\\\/2023\\\/11\\\/image-2-edited.png&quot;,&quot;title&quot;:&quot;Bilanciatore BMT200.TS40-100&quot;,&quot;desc&quot;:&quot;&quot;,&quot;btnLabal&quot;:&quot;Dettagli&quot;,&quot;btnUrl&quot;:&quot;https:\\\/\\\/www.smp-technik.fr\\\/index.php\\\/it\\\/le-nostroe-machina\\\/__trashed\\\/bilanciatore-bmt200-ts40-100\\\/&quot;}],&quot;btnColors&quot;:{&quot;color&quot;:&quot;#fff&quot;,&quot;bg&quot;:&quot;rgba(187, 16, 104, 1)&quot;},&quot;btnHovColors&quot;:{&quot;color&quot;:&quot;#fff&quot;,&quot;bg&quot;:&quot;rgba(59, 59, 59, 1)&quot;},&quot;className&quot;:&quot;&quot;,&quot;align&quot;:&quot;&quot;,&quot;layout&quot;:&quot;vertical&quot;,&quot;theme&quot;:&quot;default&quot;,&quot;columns&quot;:{&quot;desktop&quot;:3,&quot;tablet&quot;:2,&quot;mobile&quot;:1},&quot;columnGap&quot;:&quot;20px&quot;,&quot;rowGap&quot;:&quot;20px&quot;,&quot;isImg&quot;:true,&quot;imgHeight&quot;:&quot;200px&quot;,&quot;imgPos&quot;:&quot;first&quot;,&quot;background&quot;:{&quot;color&quot;:&quot;#0000&quot;},&quot;padding&quot;:{&quot;top&quot;:&quot;0px&quot;,&quot;right&quot;:&quot;0x&quot;,&quot;bottom&quot;:&quot;0px&quot;,&quot;left&quot;:&quot;0px&quot;},&quot;cardPadding&quot;:{&quot;top&quot;:&quot;0px&quot;,&quot;right&quot;:&quot;0px&quot;,&quot;bottom&quot;:&quot;0px&quot;,&quot;left&quot;:&quot;0px&quot;},&quot;cardRadius&quot;:&quot;8px&quot;,&quot;cardShadow&quot;:[{&quot;hOffset&quot;:&quot;0px&quot;,&quot;vOffset&quot;:&quot;4px&quot;,&quot;blur&quot;:&quot;8px&quot;,&quot;spreed&quot;:&quot;0px&quot;,&quot;color&quot;:&quot;#0003&quot;}],&quot;contentAlign&quot;:&quot;left&quot;,&quot;contentPadding&quot;:{&quot;top&quot;:&quot;20px&quot;,&quot;right&quot;:&quot;15px&quot;,&quot;bottom&quot;:&quot;15px&quot;,&quot;left&quot;:&quot;15px&quot;},&quot;titleTypo&quot;:{&quot;fontSize&quot;:&quot;20&quot;},&quot;descTypo&quot;:{&quot;fontSize&quot;:&quot;16&quot;},&quot;btnTypo&quot;:{&quot;fontSize&quot;:15,&quot;textDecoration&quot;:&quot;none&quot;},&quot;btnAlign&quot;:&quot;left&quot;,&quot;btnPadding&quot;:{&quot;top&quot;:&quot;10px&quot;,&quot;right&quot;:&quot;15px&quot;,&quot;bottom&quot;:&quot;10px&quot;,&quot;left&quot;:&quot;15px&quot;},&quot;btnRadius&quot;:&quot;8px&quot;}'><\/div>\r\n\r\n            ","protected":false},"excerpt":{"rendered":"<p>SMP Technik vi propone anche una gamma di attrezzature per migliorare e facilitare la manutenzione dei vostri utensili e delle vostre attrezzature.<\/p>\n","protected":false},"author":1,"featured_media":0,"parent":5905,"menu_order":0,"comment_status":"closed","ping_status":"closed","template":"templates\/fullwidth.php","meta":{"footnotes":""},"class_list":["post-6025","page","type-page","status-publish","hentry"],"jetpack_sharing_enabled":true,"jetpack-related-posts":[{"id":5579,"url":"https:\/\/www.smp-technik.fr\/index.php\/it\/lazienda\/","url_meta":{"origin":6025,"position":0},"title":"L&#8217;azienda","author":"smpadmin","date":"4 December 2023","format":false,"excerpt":"Con una forte cultura del servizio, una reattivit\u00e0 tecnica molto pronta e una rigorosa politica di qualit\u00e0, SMP \u00e8 un attore multidisciplinare nell'industria meccanica. La nostra vocazione \u00e8 migliorare le prestazioni dei nostri clienti, offrendo un contributo significativo nella progettazione e nella realizzazione di apparecchiature ad alta precisione per l'industria\u2026","rel":"","context":"Similar post","block_context":{"text":"Similar post","link":""},"img":{"alt_text":"mandrins flottants","src":"https:\/\/i0.wp.com\/www.smp-technik.fr\/wp-content\/uploads\/2023\/12\/Mandrins-Flottants-min.png?resize=350%2C200&ssl=1","width":350,"height":200},"classes":[]},{"id":5586,"url":"https:\/\/www.smp-technik.fr\/index.php\/it\/lazienda\/per-contattarci\/","url_meta":{"origin":6025,"position":1},"title":"Per contattarci","author":"smpadmin","date":"4 December 2023","format":false,"excerpt":"La sede Indirizzo : 122 rue pasteur, 69780 Toussieu, France Telefono : +33 (0) 4 72 15 51 70 Fax : +33 (0) 4 72 15 51 71 commercial@smp.fr I nostri agenti Algeria SMP Technik E-mail : msaou@smp.fr Germania HALLER Werkzeugschleiftechnik Hans-Peter HALLER Tel. : +49 (0) 7424 \u2013 50\u2026","rel":"","context":"Similar post","block_context":{"text":"Similar post","link":""},"img":{"alt_text":"","src":"","width":0,"height":0},"classes":[]},{"id":6061,"url":"https:\/\/www.smp-technik.fr\/index.php\/it\/le-nostroe-machina\/__trashed\/bilanciatore-bmt200-op\/","url_meta":{"origin":6025,"position":2},"title":"Bilanciatore BMT200-OP","author":"smpadmin","date":"6 December 2023","format":false,"excerpt":"La precisione nella tecnologia High-Tech in uno spazio ridotto! Il bilanciamento consente di limitare le vibrazioni e quindi l'usura delle brocche e degli utensili, di ridurre i tempi di fermo e di aumentare la affidabilit\u00e0 dell'intero processo. Proteggi le brocche delle tue macchine e ottimizza la tua lavorazione bilanciando senza\u2026","rel":"","context":"Similar post","block_context":{"text":"Similar post","link":""},"img":{"alt_text":"\u00e9quilibreuse OP","src":"https:\/\/i0.wp.com\/www.smp-technik.fr\/wp-content\/uploads\/2023\/11\/equilibreuse.png?resize=350%2C200&ssl=1","width":350,"height":200,"srcset":"https:\/\/i0.wp.com\/www.smp-technik.fr\/wp-content\/uploads\/2023\/11\/equilibreuse.png?resize=350%2C200&ssl=1 1x, https:\/\/i0.wp.com\/www.smp-technik.fr\/wp-content\/uploads\/2023\/11\/equilibreuse.png?resize=525%2C300&ssl=1 1.5x, https:\/\/i0.wp.com\/www.smp-technik.fr\/wp-content\/uploads\/2023\/11\/equilibreuse.png?resize=700%2C400&ssl=1 2x, https:\/\/i0.wp.com\/www.smp-technik.fr\/wp-content\/uploads\/2023\/11\/equilibreuse.png?resize=1050%2C600&ssl=1 3x, https:\/\/i0.wp.com\/www.smp-technik.fr\/wp-content\/uploads\/2023\/11\/equilibreuse.png?resize=1400%2C800&ssl=1 4x"},"classes":[]},{"id":6088,"url":"https:\/\/www.smp-technik.fr\/index.php\/it\/le-nostroe-machina\/__trashed\/bilanciatore-bmt200-ts40-100\/","url_meta":{"origin":6025,"position":3},"title":"Bilanciatore BMT200.TS40-100","author":"smpadmin","date":"6 December 2023","format":false,"excerpt":"TS 40: Per utensili in: SA\/BT 30, 40 HSK 32, 40, 50, 63 PSC-Capto 3, 4, 5 TS 100: Per utensili in: SA\/BT 30, 40, 50 HSK 32, 40, 50, 63, 80, 100 PSC-Capto 3, 4, 5, 6, 8 Facile da usare - Organizzazione efficiente PC (Windows 10) e stampante\u2026","rel":"","context":"Similar post","block_context":{"text":"Similar post","link":""},"img":{"alt_text":"\u00e9quilibreuse TS","src":"https:\/\/i0.wp.com\/www.smp-technik.fr\/wp-content\/uploads\/2023\/11\/image-2-edited.png?resize=350%2C200&ssl=1","width":350,"height":200,"srcset":"https:\/\/i0.wp.com\/www.smp-technik.fr\/wp-content\/uploads\/2023\/11\/image-2-edited.png?resize=350%2C200&ssl=1 1x, https:\/\/i0.wp.com\/www.smp-technik.fr\/wp-content\/uploads\/2023\/11\/image-2-edited.png?resize=525%2C300&ssl=1 1.5x"},"classes":[]},{"id":5645,"url":"https:\/\/www.smp-technik.fr\/index.php\/it\/le-nostroe-machina\/il-vg400\/","url_meta":{"origin":6025,"position":4},"title":"VG400","author":"smpadmin","date":"4 December 2023","format":false,"excerpt":"Rigidit\u00e0, universalit\u00e0, velocit\u00e0 e precisione di esecuzione sono le caratteristiche distintive della VG400 LINEAR. Grazie al suo basamento in granito, alle sue guide di misura e ai suoi motori lineari, La posizione verticale di lavorazione fornisce all'operatore ergonomia e un vero comfort d'uso, garantendo una precisione di lavorazione perfetta. Vero\u2026","rel":"","context":"Similar post","block_context":{"text":"Similar post","link":""},"img":{"alt_text":"badge travail vertical","src":"https:\/\/i0.wp.com\/www.smp-technik.fr\/wp-content\/uploads\/2023\/12\/3-min.png?resize=350%2C200&ssl=1","width":350,"height":200},"classes":[]},{"id":6077,"url":"https:\/\/www.smp-technik.fr\/index.php\/it\/le-nostroe-machina\/__trashed\/bilanciatore-bmt200-ts20\/","url_meta":{"origin":6025,"position":5},"title":"Bilanciatore BMT200.TS20","author":"smpadmin","date":"6 December 2023","format":false,"excerpt":"L\u2019\u00e9quilibrage permet de limiter les vibrations et donc l\u2019usure des broches et des outils, de r\u00e9duire les temps d\u2019arr\u00eat et d\u2019augmenter la fiabilit\u00e9 de l\u2019ensemble du processus. Pour outils en:SA\/BT 10, 20, 30HSK 25, 32Pour des Portes-meules:SDA (Filetage ext\u00e9rieur)SDI (Filetage int\u00e9rieur Simple d\u2018utilisation \u2013 Organisation efficace Pour High Speed outils\u2026","rel":"","context":"Similar post","block_context":{"text":"Similar post","link":""},"img":{"alt_text":"\u00e9quilibreuse TS","src":"https:\/\/i0.wp.com\/www.smp-technik.fr\/wp-content\/uploads\/2023\/11\/image-2-edited.png?resize=350%2C200&ssl=1","width":350,"height":200,"srcset":"https:\/\/i0.wp.com\/www.smp-technik.fr\/wp-content\/uploads\/2023\/11\/image-2-edited.png?resize=350%2C200&ssl=1 1x, https:\/\/i0.wp.com\/www.smp-technik.fr\/wp-content\/uploads\/2023\/11\/image-2-edited.png?resize=525%2C300&ssl=1 1.5x"},"classes":[]}],"_links":{"self":[{"href":"https:\/\/www.smp-technik.fr\/index.php\/wp-json\/wp\/v2\/pages\/6025","targetHints":{"allow":["GET"]}}],"collection":[{"href":"https:\/\/www.smp-technik.fr\/index.php\/wp-json\/wp\/v2\/pages"}],"about":[{"href":"https:\/\/www.smp-technik.fr\/index.php\/wp-json\/wp\/v2\/types\/page"}],"author":[{"embeddable":true,"href":"https:\/\/www.smp-technik.fr\/index.php\/wp-json\/wp\/v2\/users\/1"}],"replies":[{"embeddable":true,"href":"https:\/\/www.smp-technik.fr\/index.php\/wp-json\/wp\/v2\/comments?post=6025"}],"version-history":[{"count":8,"href":"https:\/\/www.smp-technik.fr\/index.php\/wp-json\/wp\/v2\/pages\/6025\/revisions"}],"predecessor-version":[{"id":6097,"href":"https:\/\/www.smp-technik.fr\/index.php\/wp-json\/wp\/v2\/pages\/6025\/revisions\/6097"}],"up":[{"embeddable":true,"href":"https:\/\/www.smp-technik.fr\/index.php\/wp-json\/wp\/v2\/pages\/5905"}],"wp:attachment":[{"href":"https:\/\/www.smp-technik.fr\/index.php\/wp-json\/wp\/v2\/media?parent=6025"}],"curies":[{"name":"wp","href":"https:\/\/api.w.org\/{rel}","templated":true}]}}