{"id":5905,"date":"2023-12-04T13:30:51","date_gmt":"2023-12-04T12:30:51","guid":{"rendered":"https:\/\/www.smp-technik.fr\/?page_id=5905"},"modified":"2024-05-27T17:19:16","modified_gmt":"2024-05-27T15:19:16","slug":"le-nostroe-machina","status":"publish","type":"page","link":"https:\/\/www.smp-technik.fr\/index.php\/it\/le-nostroe-machina\/","title":{"rendered":"Le nostre machina"},"content":{"rendered":"","protected":false},"excerpt":{"rendered":"","protected":false},"author":1,"featured_media":0,"parent":0,"menu_order":0,"comment_status":"closed","ping_status":"closed","template":"templates\/service.php","meta":{"footnotes":""},"class_list":["post-5905","page","type-page","status-publish","hentry"],"jetpack_sharing_enabled":true,"jetpack-related-posts":[{"id":5641,"url":"https:\/\/www.smp-technik.fr\/index.php\/it\/le-nostroe-machina\/il-ca7\/","url_meta":{"origin":5905,"position":0},"title":"Il CA7","author":"smpadmin","date":"4 December 2023","format":false,"excerpt":"CA7 \u00e8 una macchina 'Broach Expert' prodotta da SMP TECHNIK. Dotata di un tavolo lungo 1700 mm, di una vasta gamma di accessori, di un'elettromandrino potente e di un software adatto, \u00e8 perfetta per la realizzazione di tutti i vostri utensili, indipendentemente dalla loro dimensione. Inoltre, la sua cinematica vi\u2026","rel":"","context":"Similar post","block_context":{"text":"Similar post","link":""},"img":{"alt_text":"CA7","src":"https:\/\/i0.wp.com\/www.smp-technik.fr\/wp-content\/uploads\/2023\/12\/CA7-Ombre-min.png?resize=350%2C200&ssl=1","width":350,"height":200},"classes":[]},{"id":5644,"url":"https:\/\/www.smp-technik.fr\/index.php\/it\/le-nostroe-machina\/il-vg300\/","url_meta":{"origin":5905,"position":1},"title":"VG300","author":"smpadmin","date":"4 December 2023","format":false,"excerpt":"Con il suo asse portautensili verticale, la VG300 offre un caricamento rapido ed ergonomico degli utensili. Questo centro \u00e8 particolarmente adatto per lavori di affilatura e produzione di utensili speciali. La posizione verticale di lavorazione fornisce all'operatore un vero comfort d'uso (posizionamento dei mandrini, facile visualizzazione degli utensili). Lavoro verticale\u2026","rel":"","context":"Similar post","block_context":{"text":"Similar post","link":""},"img":{"alt_text":"VG300","src":"https:\/\/i0.wp.com\/www.smp-technik.fr\/wp-content\/uploads\/2023\/12\/VG300.png?resize=350%2C200&ssl=1","width":350,"height":200},"classes":[]},{"id":5642,"url":"https:\/\/www.smp-technik.fr\/index.php\/it\/le-nostroe-machina\/il-ca7xl\/","url_meta":{"origin":5905,"position":2},"title":"CA7XL","author":"smpadmin","date":"4 December 2023","format":false,"excerpt":"La CA7 XL \u00e8 l'ultima nata della gamma CA7. Con il suo tavolo in grado di ospitare utensili tra le punte di 2000 mm, garantisce una qualit\u00e0 degli utensili perfetta con le sue regole di misurazione e i suoi motori lineari. La potenza dell'elettromandrino va da 15 a 22,5 kW,\u2026","rel":"","context":"Similar post","block_context":{"text":"Similar post","link":""},"img":{"alt_text":"CA7XL","src":"https:\/\/i0.wp.com\/www.smp-technik.fr\/wp-content\/uploads\/2023\/12\/CA7-XL-ombre-1-min.png?resize=350%2C200&ssl=1","width":350,"height":200},"classes":[]},{"id":5645,"url":"https:\/\/www.smp-technik.fr\/index.php\/it\/le-nostroe-machina\/il-vg400\/","url_meta":{"origin":5905,"position":3},"title":"VG400","author":"smpadmin","date":"4 December 2023","format":false,"excerpt":"Rigidit\u00e0, universalit\u00e0, velocit\u00e0 e precisione di esecuzione sono le caratteristiche distintive della VG400 LINEAR. Grazie al suo basamento in granito, alle sue guide di misura e ai suoi motori lineari, La posizione verticale di lavorazione fornisce all'operatore ergonomia e un vero comfort d'uso, garantendo una precisione di lavorazione perfetta. Vero\u2026","rel":"","context":"Similar post","block_context":{"text":"Similar post","link":""},"img":{"alt_text":"badge travail vertical","src":"https:\/\/i0.wp.com\/www.smp-technik.fr\/wp-content\/uploads\/2023\/12\/3-min.png?resize=350%2C200&ssl=1","width":350,"height":200},"classes":[]},{"id":5643,"url":"https:\/\/www.smp-technik.fr\/index.php\/it\/le-nostroe-machina\/il-hg600\/","url_meta":{"origin":5905,"position":4},"title":"Il HG600","author":"smpadmin","date":"4 December 2023","format":false,"excerpt":"La HG600 vi accompagner\u00e0 nell'affilatura dei vostri utensili pi\u00f9 precisi. Ma non solo! Questa macchina si mostra versatile producendo anche frese madri e coltelli fellow dei pi\u00f9 complessi. Lavoro orizzontale 5 assi Motore lineare Caratteristiche tecniche Dimensioni della macchina Dimensioni (L x l x a) = 2900 mm x 2150\u2026","rel":"","context":"Similar post","block_context":{"text":"Similar post","link":""},"img":{"alt_text":"HG600","src":"https:\/\/i0.wp.com\/www.smp-technik.fr\/wp-content\/uploads\/2023\/12\/HG600-cote-droit-fond-ombre-min.png?resize=350%2C200&ssl=1","width":350,"height":200},"classes":[]},{"id":5640,"url":"https:\/\/www.smp-technik.fr\/index.php\/it\/le-nostroe-machina\/il-ca5\/","url_meta":{"origin":5905,"position":5},"title":"CA5","author":"smpadmin","date":"4 December 2023","format":false,"excerpt":"Dotata di un tavolo lungo 720 mm, di una vasta gamma di accessori, di un potente elettromandrino e del software multifunzione EasyGrind sviluppato da SMP Technik, la CA5 EvoBoost \u00e8 perfetta per la realizzazione di tutti i vostri utensili di piccole e medie dimensioni. Lavoro orizzontale 5 assi Motore lineare\u2026","rel":"","context":"Similar post","block_context":{"text":"Similar post","link":""},"img":{"alt_text":"","src":"https:\/\/i0.wp.com\/www.smp-technik.fr\/wp-content\/uploads\/2023\/01\/CA-5.png?resize=350%2C200&ssl=1","width":350,"height":200},"classes":[]}],"_links":{"self":[{"href":"https:\/\/www.smp-technik.fr\/index.php\/wp-json\/wp\/v2\/pages\/5905","targetHints":{"allow":["GET"]}}],"collection":[{"href":"https:\/\/www.smp-technik.fr\/index.php\/wp-json\/wp\/v2\/pages"}],"about":[{"href":"https:\/\/www.smp-technik.fr\/index.php\/wp-json\/wp\/v2\/types\/page"}],"author":[{"embeddable":true,"href":"https:\/\/www.smp-technik.fr\/index.php\/wp-json\/wp\/v2\/users\/1"}],"replies":[{"embeddable":true,"href":"https:\/\/www.smp-technik.fr\/index.php\/wp-json\/wp\/v2\/comments?post=5905"}],"version-history":[{"count":2,"href":"https:\/\/www.smp-technik.fr\/index.php\/wp-json\/wp\/v2\/pages\/5905\/revisions"}],"predecessor-version":[{"id":6463,"href":"https:\/\/www.smp-technik.fr\/index.php\/wp-json\/wp\/v2\/pages\/5905\/revisions\/6463"}],"wp:attachment":[{"href":"https:\/\/www.smp-technik.fr\/index.php\/wp-json\/wp\/v2\/media?parent=5905"}],"curies":[{"name":"wp","href":"https:\/\/api.w.org\/{rel}","templated":true}]}}