{"id":5475,"date":"2023-10-18T15:47:56","date_gmt":"2023-10-18T13:47:56","guid":{"rendered":"https:\/\/www.smp-technik.fr\/?page_id=5475"},"modified":"2025-03-21T15:07:39","modified_gmt":"2025-03-21T14:07:39","slug":"logiciels-2","status":"publish","type":"page","link":"https:\/\/www.smp-technik.fr\/index.php\/logiciels-2\/","title":{"rendered":"Logiciels"},"content":{"rendered":"\n<p><br>Les logiciels utilis\u00e9s sur nos machines sont con\u00e7us pour optimiser et automatiser les processus de production. Ces logiciels offrent une vari\u00e9t\u00e9 de fonctionnalit\u00e9s essentielles pour les op\u00e9rations d&#8217;usinage et de r\u00e9affutage, notamment la simulation des actions des meules, le contr\u00f4le des machines et l&#8217;acc\u00e8s \u00e0 une large gamme d&#8217;outils. Gr\u00e2ce \u00e0 leurs interfaces intuitives, ils permettent aux op\u00e9rateurs de superviser efficacement, d&#8217;ajuster les param\u00e8tres de production et d&#8217;am\u00e9liorer la productivit\u00e9 globale. De plus, les logiciels SMP Technik peuvent \u00eatre adapt\u00e9s aux besoins sp\u00e9cifiques de chaque entreprise, garantissant ainsi une solution sur mesure pour les environnements industriels exigeants.<\/p>\n\n\n\n<div style=\"height:100px\" aria-hidden=\"true\" class=\"wp-block-spacer\"><\/div>\n\n\n\n<div class=\"wp-block-media-text is-stacked-on-mobile\"><figure class=\"wp-block-media-text__media\"><img data-dominant-color=\"794a62\" data-has-transparency=\"true\" style=\"--dominant-color: #794a62;\" loading=\"lazy\" decoding=\"async\" width=\"1024\" height=\"223\" data-attachment-id=\"4964\" data-permalink=\"https:\/\/www.smp-technik.fr\/logo-easygrind-2023-hd-2\/\" data-orig-file=\"https:\/\/www.smp-technik.fr\/wp-content\/uploads\/2023\/10\/Logo-EASYGRIND-2023-HD.png\" data-orig-size=\"6320,1378\" data-comments-opened=\"1\" data-image-meta=\"{&quot;aperture&quot;:&quot;0&quot;,&quot;credit&quot;:&quot;&quot;,&quot;camera&quot;:&quot;&quot;,&quot;caption&quot;:&quot;&quot;,&quot;created_timestamp&quot;:&quot;0&quot;,&quot;copyright&quot;:&quot;&quot;,&quot;focal_length&quot;:&quot;0&quot;,&quot;iso&quot;:&quot;0&quot;,&quot;shutter_speed&quot;:&quot;0&quot;,&quot;title&quot;:&quot;&quot;,&quot;orientation&quot;:&quot;0&quot;}\" data-image-title=\"Logo EASYGRIND 2023 HD\" data-image-description=\"\" data-image-caption=\"\" data-medium-file=\"https:\/\/www.smp-technik.fr\/wp-content\/uploads\/2023\/10\/Logo-EASYGRIND-2023-HD-300x65.png\" data-large-file=\"https:\/\/www.smp-technik.fr\/wp-content\/uploads\/2023\/10\/Logo-EASYGRIND-2023-HD-1024x223.png\" src=\"https:\/\/www.smp-technik.fr\/wp-content\/uploads\/2023\/10\/Logo-EASYGRIND-2023-HD-1024x223.png\" alt=\"logo easygrind\" class=\"has-transparency wp-image-4964 size-full\" srcset=\"https:\/\/www.smp-technik.fr\/wp-content\/uploads\/2023\/10\/Logo-EASYGRIND-2023-HD-1024x223.png 1024w, https:\/\/www.smp-technik.fr\/wp-content\/uploads\/2023\/10\/Logo-EASYGRIND-2023-HD-300x65.png 300w, https:\/\/www.smp-technik.fr\/wp-content\/uploads\/2023\/10\/Logo-EASYGRIND-2023-HD-768x167.png 768w, https:\/\/www.smp-technik.fr\/wp-content\/uploads\/2023\/10\/Logo-EASYGRIND-2023-HD-1536x335.png 1536w, https:\/\/www.smp-technik.fr\/wp-content\/uploads\/2023\/10\/Logo-EASYGRIND-2023-HD-2048x447.png 2048w, https:\/\/www.smp-technik.fr\/wp-content\/uploads\/2023\/10\/Logo-EASYGRIND-2023-HD-228x50.png 228w\" sizes=\"auto, (max-width: 1024px) 100vw, 1024px\" \/><\/figure><div class=\"wp-block-media-text__content\">\n<div class=\"wp-block-buttons is-content-justification-right is-layout-flex wp-container-core-buttons-is-layout-765c4724 wp-block-buttons-is-layout-flex\">\n<div class=\"wp-block-button\"><a class=\"wp-block-button__link wp-element-button\" href=\"https:\/\/www.smp-technik.fr\/index.php\/logiciels-2\/logiciel-easygrind\/\">Plus d&#8217;informations<\/a><\/div>\n<\/div>\n<\/div><\/div>\n\n\n\n<div style=\"height:100px\" aria-hidden=\"true\" class=\"wp-block-spacer\"><\/div>\n\n\n\n<div class=\"wp-block-media-text is-stacked-on-mobile\" style=\"grid-template-columns:30% auto\"><figure class=\"wp-block-media-text__media\"><img data-dominant-color=\"642d49\" data-has-transparency=\"true\" style=\"--dominant-color: #642d49;\" loading=\"lazy\" decoding=\"async\" width=\"1024\" height=\"768\" data-attachment-id=\"5542\" data-permalink=\"https:\/\/www.smp-technik.fr\/broach-expert-ps\/\" data-orig-file=\"https:\/\/www.smp-technik.fr\/wp-content\/uploads\/2023\/10\/Broach-expert-PS.png\" data-orig-size=\"1890,1417\" data-comments-opened=\"1\" data-image-meta=\"{&quot;aperture&quot;:&quot;0&quot;,&quot;credit&quot;:&quot;&quot;,&quot;camera&quot;:&quot;&quot;,&quot;caption&quot;:&quot;&quot;,&quot;created_timestamp&quot;:&quot;0&quot;,&quot;copyright&quot;:&quot;&quot;,&quot;focal_length&quot;:&quot;0&quot;,&quot;iso&quot;:&quot;0&quot;,&quot;shutter_speed&quot;:&quot;0&quot;,&quot;title&quot;:&quot;&quot;,&quot;orientation&quot;:&quot;0&quot;}\" data-image-title=\"Broach-expert-PS\" data-image-description=\"\" data-image-caption=\"\" data-medium-file=\"https:\/\/www.smp-technik.fr\/wp-content\/uploads\/2023\/10\/Broach-expert-PS-300x225.png\" data-large-file=\"https:\/\/www.smp-technik.fr\/wp-content\/uploads\/2023\/10\/Broach-expert-PS-1024x768.png\" src=\"https:\/\/www.smp-technik.fr\/wp-content\/uploads\/2023\/10\/Broach-expert-PS-1024x768.png\" alt=\"logo broach expert\" class=\"has-transparency wp-image-5542 size-full\" srcset=\"https:\/\/www.smp-technik.fr\/wp-content\/uploads\/2023\/10\/Broach-expert-PS-1024x768.png 1024w, https:\/\/www.smp-technik.fr\/wp-content\/uploads\/2023\/10\/Broach-expert-PS-300x225.png 300w, https:\/\/www.smp-technik.fr\/wp-content\/uploads\/2023\/10\/Broach-expert-PS-768x576.png 768w, https:\/\/www.smp-technik.fr\/wp-content\/uploads\/2023\/10\/Broach-expert-PS-1536x1152.png 1536w, https:\/\/www.smp-technik.fr\/wp-content\/uploads\/2023\/10\/Broach-expert-PS-155x116.png 155w, https:\/\/www.smp-technik.fr\/wp-content\/uploads\/2023\/10\/Broach-expert-PS.png 1890w\" sizes=\"auto, (max-width: 1024px) 100vw, 1024px\" \/><\/figure><div class=\"wp-block-media-text__content\">\n<div class=\"wp-block-buttons is-content-justification-right is-layout-flex wp-container-core-buttons-is-layout-765c4724 wp-block-buttons-is-layout-flex\">\n<div class=\"wp-block-button\"><a class=\"wp-block-button__link wp-element-button\" href=\"https:\/\/www.smp-technik.fr\/index.php\/logiciels-2\/logiciel-broachexpert\/\">Plus d&#8217;informations<\/a><\/div>\n<\/div>\n<\/div><\/div>\n\n\n\n<div style=\"height:100px\" aria-hidden=\"true\" class=\"wp-block-spacer\"><\/div>\n\n\n\n<div class=\"wp-block-media-text is-stacked-on-mobile\"><figure class=\"wp-block-media-text__media\"><img data-dominant-color=\"60173c\" data-has-transparency=\"true\" style=\"--dominant-color: #60173c;\" loading=\"lazy\" decoding=\"async\" width=\"798\" height=\"172\" data-attachment-id=\"6662\" data-permalink=\"https:\/\/www.smp-technik.fr\/index.php\/logiciels-2\/logo-detectool\/\" data-orig-file=\"https:\/\/www.smp-technik.fr\/wp-content\/uploads\/2025\/03\/Logo-DetecTool-.png\" data-orig-size=\"798,172\" data-comments-opened=\"1\" data-image-meta=\"{&quot;aperture&quot;:&quot;0&quot;,&quot;credit&quot;:&quot;&quot;,&quot;camera&quot;:&quot;&quot;,&quot;caption&quot;:&quot;&quot;,&quot;created_timestamp&quot;:&quot;0&quot;,&quot;copyright&quot;:&quot;&quot;,&quot;focal_length&quot;:&quot;0&quot;,&quot;iso&quot;:&quot;0&quot;,&quot;shutter_speed&quot;:&quot;0&quot;,&quot;title&quot;:&quot;&quot;,&quot;orientation&quot;:&quot;0&quot;}\" data-image-title=\"Logo DetecTool\" data-image-description=\"\" data-image-caption=\"\" data-medium-file=\"https:\/\/www.smp-technik.fr\/wp-content\/uploads\/2025\/03\/Logo-DetecTool--300x65.png\" data-large-file=\"https:\/\/www.smp-technik.fr\/wp-content\/uploads\/2025\/03\/Logo-DetecTool-.png\" src=\"https:\/\/www.smp-technik.fr\/wp-content\/uploads\/2025\/03\/Logo-DetecTool-.png\" alt=\"\" class=\"has-transparency wp-image-6662 size-full\" srcset=\"https:\/\/www.smp-technik.fr\/wp-content\/uploads\/2025\/03\/Logo-DetecTool-.png 798w, https:\/\/www.smp-technik.fr\/wp-content\/uploads\/2025\/03\/Logo-DetecTool--300x65.png 300w, https:\/\/www.smp-technik.fr\/wp-content\/uploads\/2025\/03\/Logo-DetecTool--768x166.png 768w, https:\/\/www.smp-technik.fr\/wp-content\/uploads\/2025\/03\/Logo-DetecTool--228x49.png 228w\" sizes=\"auto, (max-width: 798px) 100vw, 798px\" \/><\/figure><div class=\"wp-block-media-text__content\">\n<div class=\"wp-block-buttons is-content-justification-right is-layout-flex wp-container-core-buttons-is-layout-765c4724 wp-block-buttons-is-layout-flex\">\n<div class=\"wp-block-button\"><a class=\"wp-block-button__link wp-element-button\" href=\"https:\/\/www.smp-technik.fr\/index.php\/logiciels-2\/logiciel-detectool\/\">Plus d&#8217;informations<\/a><\/div>\n<\/div>\n<\/div><\/div>\n\n\n\n<div style=\"height:100px\" aria-hidden=\"true\" class=\"wp-block-spacer\"><\/div>\n\n\n\n<div class=\"wp-block-media-text is-stacked-on-mobile\"><figure class=\"wp-block-media-text__media\"><img data-dominant-color=\"3b6f9a\" data-has-transparency=\"true\" style=\"--dominant-color: #3b6f9a;\" loading=\"lazy\" decoding=\"async\" width=\"1024\" height=\"176\" data-attachment-id=\"6158\" data-permalink=\"https:\/\/www.smp-technik.fr\/index.php\/depuis-1946\/logo-numroto-hd-min\/\" data-orig-file=\"https:\/\/www.smp-technik.fr\/wp-content\/uploads\/2023\/12\/Logo-NUMROTO-HD-min.png\" data-orig-size=\"11373,1953\" data-comments-opened=\"1\" data-image-meta=\"{&quot;aperture&quot;:&quot;0&quot;,&quot;credit&quot;:&quot;&quot;,&quot;camera&quot;:&quot;&quot;,&quot;caption&quot;:&quot;&quot;,&quot;created_timestamp&quot;:&quot;0&quot;,&quot;copyright&quot;:&quot;&quot;,&quot;focal_length&quot;:&quot;0&quot;,&quot;iso&quot;:&quot;0&quot;,&quot;shutter_speed&quot;:&quot;0&quot;,&quot;title&quot;:&quot;&quot;,&quot;orientation&quot;:&quot;0&quot;}\" data-image-title=\"Logo-NUMROTO-HD-min\" data-image-description=\"\" data-image-caption=\"\" data-medium-file=\"https:\/\/www.smp-technik.fr\/wp-content\/uploads\/2023\/12\/Logo-NUMROTO-HD-min-300x52.png\" data-large-file=\"https:\/\/www.smp-technik.fr\/wp-content\/uploads\/2023\/12\/Logo-NUMROTO-HD-min-1024x176.png\" src=\"https:\/\/www.smp-technik.fr\/wp-content\/uploads\/2023\/12\/Logo-NUMROTO-HD-min-1024x176.png\" alt=\"logo numroto\" class=\"has-transparency wp-image-6158 size-full\" srcset=\"https:\/\/www.smp-technik.fr\/wp-content\/uploads\/2023\/12\/Logo-NUMROTO-HD-min-1024x176.png 1024w, https:\/\/www.smp-technik.fr\/wp-content\/uploads\/2023\/12\/Logo-NUMROTO-HD-min-300x52.png 300w, https:\/\/www.smp-technik.fr\/wp-content\/uploads\/2023\/12\/Logo-NUMROTO-HD-min-768x132.png 768w, https:\/\/www.smp-technik.fr\/wp-content\/uploads\/2023\/12\/Logo-NUMROTO-HD-min-1536x264.png 1536w, https:\/\/www.smp-technik.fr\/wp-content\/uploads\/2023\/12\/Logo-NUMROTO-HD-min-2048x352.png 2048w, https:\/\/www.smp-technik.fr\/wp-content\/uploads\/2023\/12\/Logo-NUMROTO-HD-min-228x39.png 228w\" sizes=\"auto, (max-width: 1024px) 100vw, 1024px\" \/><\/figure><div class=\"wp-block-media-text__content\">\n<div class=\"wp-block-buttons is-content-justification-right is-layout-flex wp-container-core-buttons-is-layout-765c4724 wp-block-buttons-is-layout-flex\">\n<div class=\"wp-block-button\"><a class=\"wp-block-button__link wp-element-button\" href=\"https:\/\/www.num.com\/fr\/solutions-globales\/numroto\" target=\"_blank\" rel=\"noreferrer noopener\">Plus d&#8217;informations<\/a><\/div>\n<\/div>\n<\/div><\/div>\n\n\n\n<div style=\"height:100px\" aria-hidden=\"true\" class=\"wp-block-spacer\"><\/div>\n\n\n\n<div class=\"wp-block-media-text is-stacked-on-mobile\" style=\"grid-template-columns:25% auto\"><figure class=\"wp-block-media-text__media\"><img data-dominant-color=\"7d81ba\" data-has-transparency=\"true\" style=\"--dominant-color: #7d81ba;\" loading=\"lazy\" decoding=\"async\" width=\"952\" height=\"1024\" data-attachment-id=\"6255\" data-permalink=\"https:\/\/www.smp-technik.fr\/logo-esco-hd-min\/\" data-orig-file=\"https:\/\/www.smp-technik.fr\/wp-content\/uploads\/2023\/12\/Logo-ESCO-HD-min.png\" data-orig-size=\"5000,5378\" data-comments-opened=\"1\" data-image-meta=\"{&quot;aperture&quot;:&quot;0&quot;,&quot;credit&quot;:&quot;&quot;,&quot;camera&quot;:&quot;&quot;,&quot;caption&quot;:&quot;&quot;,&quot;created_timestamp&quot;:&quot;0&quot;,&quot;copyright&quot;:&quot;&quot;,&quot;focal_length&quot;:&quot;0&quot;,&quot;iso&quot;:&quot;0&quot;,&quot;shutter_speed&quot;:&quot;0&quot;,&quot;title&quot;:&quot;&quot;,&quot;orientation&quot;:&quot;0&quot;}\" data-image-title=\"Logo-ESCO-HD-min\" data-image-description=\"\" data-image-caption=\"\" data-medium-file=\"https:\/\/www.smp-technik.fr\/wp-content\/uploads\/2023\/12\/Logo-ESCO-HD-min-279x300.png\" data-large-file=\"https:\/\/www.smp-technik.fr\/wp-content\/uploads\/2023\/12\/Logo-ESCO-HD-min-952x1024.png\" src=\"https:\/\/www.smp-technik.fr\/wp-content\/uploads\/2023\/12\/Logo-ESCO-HD-min-952x1024.png\" alt=\"logo esco\" class=\"has-transparency wp-image-6255 size-full\" srcset=\"https:\/\/www.smp-technik.fr\/wp-content\/uploads\/2023\/12\/Logo-ESCO-HD-min-952x1024.png 952w, https:\/\/www.smp-technik.fr\/wp-content\/uploads\/2023\/12\/Logo-ESCO-HD-min-279x300.png 279w, https:\/\/www.smp-technik.fr\/wp-content\/uploads\/2023\/12\/Logo-ESCO-HD-min-768x826.png 768w, https:\/\/www.smp-technik.fr\/wp-content\/uploads\/2023\/12\/Logo-ESCO-HD-min-1428x1536.png 1428w, https:\/\/www.smp-technik.fr\/wp-content\/uploads\/2023\/12\/Logo-ESCO-HD-min-1904x2048.png 1904w, https:\/\/www.smp-technik.fr\/wp-content\/uploads\/2023\/12\/Logo-ESCO-HD-min-108x116.png 108w\" sizes=\"auto, (max-width: 952px) 100vw, 952px\" \/><\/figure><div class=\"wp-block-media-text__content\">\n<div class=\"wp-block-buttons is-content-justification-right is-layout-flex wp-container-core-buttons-is-layout-765c4724 wp-block-buttons-is-layout-flex\">\n<div class=\"wp-block-button\"><a class=\"wp-block-button__link wp-element-button\" href=\"http:\/\/www.esco-aachen.de\/de\/software\/ptm-fertigungstechnik\/\" target=\"_blank\" rel=\"noreferrer noopener\">Plus d&#8217;informations<\/a><\/div>\n<\/div>\n<\/div><\/div>\n\n\n\n<p><\/p>\n","protected":false},"excerpt":{"rendered":"<p>Les logiciels utilis\u00e9s sur nos machines sont con\u00e7us pour optimiser et automatiser les processus de production. Ces logiciels offrent une vari\u00e9t\u00e9 de fonctionnalit\u00e9s essentielles pour les op\u00e9rations d&#8217;usinage et de r\u00e9affutage, notamment la simulation des actions des meules, le contr\u00f4le des machines et l&#8217;acc\u00e8s \u00e0 une large gamme d&#8217;outils. Gr\u00e2ce \u00e0 leurs interfaces intuitives, ils [&hellip;]<\/p>\n","protected":false},"author":1,"featured_media":0,"parent":0,"menu_order":0,"comment_status":"closed","ping_status":"closed","template":"templates\/fullwidth.php","meta":{"footnotes":""},"class_list":["post-5475","page","type-page","status-publish","hentry"],"jetpack_sharing_enabled":true,"jetpack-related-posts":[{"id":6593,"url":"https:\/\/www.smp-technik.fr\/index.php\/logiciels-2\/logiciel-easygrind\/","url_meta":{"origin":5475,"position":0},"title":"Logiciel EasyGrind","author":"smpadmin","date":"20 March 2025","format":false,"excerpt":"EasyGrind est un logiciel de fabrication assist\u00e9e par ordinateur (FAO) d\u00e9velopp\u00e9 en interne pour l'affutage d'outils coupants, forts de 40 ann\u00e9es d'exp\u00e9rience dans le domaine, nos \u00e9quipes en am\u00e9liorent chaque jour les fonctionnalit\u00e9s. Voir les nouveaut\u00e9s T\u00e9l\u00e9charger la plaquette Utilise le langage des aff\u00fbteurs 40 ans d'exp\u00e9rience Programmation d'outils sp\u00e9ciaux\u2026","rel":"","context":"Similar post","block_context":{"text":"Similar post","link":""},"img":{"alt_text":"","src":"https:\/\/i0.wp.com\/www.smp-technik.fr\/wp-content\/uploads\/2025\/03\/Banniere-page-LOGICIEL.png?resize=350%2C200&ssl=1","width":350,"height":200,"srcset":"https:\/\/i0.wp.com\/www.smp-technik.fr\/wp-content\/uploads\/2025\/03\/Banniere-page-LOGICIEL.png?resize=350%2C200&ssl=1 1x, https:\/\/i0.wp.com\/www.smp-technik.fr\/wp-content\/uploads\/2025\/03\/Banniere-page-LOGICIEL.png?resize=525%2C300&ssl=1 1.5x, https:\/\/i0.wp.com\/www.smp-technik.fr\/wp-content\/uploads\/2025\/03\/Banniere-page-LOGICIEL.png?resize=700%2C400&ssl=1 2x, https:\/\/i0.wp.com\/www.smp-technik.fr\/wp-content\/uploads\/2025\/03\/Banniere-page-LOGICIEL.png?resize=1050%2C600&ssl=1 3x, https:\/\/i0.wp.com\/www.smp-technik.fr\/wp-content\/uploads\/2025\/03\/Banniere-page-LOGICIEL.png?resize=1400%2C800&ssl=1 4x"},"classes":[]},{"id":3601,"url":"https:\/\/www.smp-technik.fr\/index.php\/services\/","url_meta":{"origin":5475,"position":1},"title":"Services","author":"smpadmin","date":"30 January 2023","format":false,"excerpt":"Dans l'optique de vous offrir le maximum de confort et de s\u00e9curit\u00e9 dans l'utilisation de nos machines, nous vous proposons toute une gamme de services. Retrouvez la descriptions de chacun d'entre eux. Intervention sur site Une \u00e9quipe pluridisciplinaire de techniciens hautement qualifi\u00e9s est en mesure d'intervenir sur site dans les\u2026","rel":"","context":"Similar post","block_context":{"text":"Similar post","link":""},"img":{"alt_text":"icone intervention sur site","src":"https:\/\/i0.wp.com\/www.smp-technik.fr\/wp-content\/uploads\/2023\/12\/icone-22inter-a-dom22-min.png?resize=350%2C200&ssl=1","width":350,"height":200,"srcset":"https:\/\/i0.wp.com\/www.smp-technik.fr\/wp-content\/uploads\/2023\/12\/icone-22inter-a-dom22-min.png?resize=350%2C200&ssl=1 1x, https:\/\/i0.wp.com\/www.smp-technik.fr\/wp-content\/uploads\/2023\/12\/icone-22inter-a-dom22-min.png?resize=525%2C300&ssl=1 1.5x, https:\/\/i0.wp.com\/www.smp-technik.fr\/wp-content\/uploads\/2023\/12\/icone-22inter-a-dom22-min.png?resize=700%2C400&ssl=1 2x, https:\/\/i0.wp.com\/www.smp-technik.fr\/wp-content\/uploads\/2023\/12\/icone-22inter-a-dom22-min.png?resize=1050%2C600&ssl=1 3x, https:\/\/i0.wp.com\/www.smp-technik.fr\/wp-content\/uploads\/2023\/12\/icone-22inter-a-dom22-min.png?resize=1400%2C800&ssl=1 4x"},"classes":[]},{"id":6611,"url":"https:\/\/www.smp-technik.fr\/index.php\/logiciels-2\/logiciel-broachexpert\/","url_meta":{"origin":5475,"position":2},"title":"Logiciel Broach Expert","author":"smpadmin","date":"20 March 2025","format":false,"excerpt":"Broach Expert est un module d'affutage et de fabrication de broches. D\u00e9velopp\u00e9 en interne depuis plus de 40 ans, les fonctionnalit\u00e9s sont nombreuses. Nos \u00e9quipes en am\u00e9liorent chaque jour les fonctionnalit\u00e9s. Voir les nouveaut\u00e9s T\u00e9l\u00e9charger la plaquette Utilise le langage des aff\u00fbteurs 40 ans d'exp\u00e9rience Programmation d'outils sp\u00e9ciaux eSim :\u2026","rel":"","context":"Similar post","block_context":{"text":"Similar post","link":""},"img":{"alt_text":"","src":"https:\/\/i0.wp.com\/www.smp-technik.fr\/wp-content\/uploads\/2025\/03\/Banniere-page-LOGICIEL-BROCHE-2.png?resize=350%2C200&ssl=1","width":350,"height":200,"srcset":"https:\/\/i0.wp.com\/www.smp-technik.fr\/wp-content\/uploads\/2025\/03\/Banniere-page-LOGICIEL-BROCHE-2.png?resize=350%2C200&ssl=1 1x, https:\/\/i0.wp.com\/www.smp-technik.fr\/wp-content\/uploads\/2025\/03\/Banniere-page-LOGICIEL-BROCHE-2.png?resize=525%2C300&ssl=1 1.5x, https:\/\/i0.wp.com\/www.smp-technik.fr\/wp-content\/uploads\/2025\/03\/Banniere-page-LOGICIEL-BROCHE-2.png?resize=700%2C400&ssl=1 2x, https:\/\/i0.wp.com\/www.smp-technik.fr\/wp-content\/uploads\/2025\/03\/Banniere-page-LOGICIEL-BROCHE-2.png?resize=1050%2C600&ssl=1 3x, https:\/\/i0.wp.com\/www.smp-technik.fr\/wp-content\/uploads\/2025\/03\/Banniere-page-LOGICIEL-BROCHE-2.png?resize=1400%2C800&ssl=1 4x"},"classes":[]},{"id":1855,"url":"https:\/\/www.smp-technik.fr\/index.php\/depuis-1946\/","url_meta":{"origin":5475,"position":3},"title":"L&#8217;entreprise","author":"smpadmin","date":"6 January 2023","format":false,"excerpt":"Avec une\u00a0culture de service forte, une force de propositions techniques\u00a0tr\u00e8s r\u00e9active\u00a0et une politique\u00a0qualit\u00e9 rigoureuse,\u00a0SMP\u00a0est un acteur pluridisciplinaire de l\u2019industrie de la m\u00e9canique.\u00a0Notre vocation est d'am\u00e9liorer les performances\u00a0de nos clients,\u00a0par un apport significatif en mati\u00e8re de \u00a0conception\u00a0et de\u00a0r\u00e9alisation\u00a0d\u2019\u00e9quipements de\u00a0haute pr\u00e9cision\u00a0pour l\u2019industrie m\u00e9canique.SMP Technik con\u00e7oit et fabrique des\u00a0produits propres\u00a0: Plateaux CN 1\u2026","rel":"","context":"Similar post","block_context":{"text":"Similar post","link":""},"img":{"alt_text":"","src":"https:\/\/i0.wp.com\/www.smp-technik.fr\/wp-content\/uploads\/2023\/01\/image.png?resize=350%2C200&ssl=1","width":350,"height":200,"srcset":"https:\/\/i0.wp.com\/www.smp-technik.fr\/wp-content\/uploads\/2023\/01\/image.png?resize=350%2C200&ssl=1 1x, https:\/\/i0.wp.com\/www.smp-technik.fr\/wp-content\/uploads\/2023\/01\/image.png?resize=525%2C300&ssl=1 1.5x, https:\/\/i0.wp.com\/www.smp-technik.fr\/wp-content\/uploads\/2023\/01\/image.png?resize=700%2C400&ssl=1 2x"},"classes":[]},{"id":3896,"url":"https:\/\/www.smp-technik.fr\/index.php\/nos-machines-3\/vg300-2\/","url_meta":{"origin":5475,"position":4},"title":"VG300","author":"smpadmin","date":"6 March 2023","format":false,"excerpt":"Avec son axe porte outil vertical, la VG300 offre un chargement rapide et ergonomique de l\u2019outil. Ce centre est particuli\u00e8rement bien adapt\u00e9 aux travaux d\u2019aff\u00fbtage et de fabrication d\u2019outils sp\u00e9ciaux. La\u00a0position verticale\u00a0d\u2019usinage apporte \u00e0 l\u2019op\u00e9rateur un\u00a0v\u00e9ritable confort d\u2019utilisation\u00a0(mise en place des mandrins, visualisation ais\u00e9e des outils) Logiciels Travail vertical 5\u2026","rel":"","context":"Similar post","block_context":{"text":"Similar post","link":""},"img":{"alt_text":"VG300","src":"https:\/\/i0.wp.com\/www.smp-technik.fr\/wp-content\/uploads\/2023\/12\/VG300.png?resize=350%2C200&ssl=1","width":350,"height":200},"classes":[]},{"id":3874,"url":"https:\/\/www.smp-technik.fr\/index.php\/nos-machines-3\/vg400-linear\/","url_meta":{"origin":5475,"position":5},"title":"VG400 LINEAR","author":"smpadmin","date":"6 March 2023","format":false,"excerpt":"Rigidit\u00e9, universalit\u00e9, rapidit\u00e9 et pr\u00e9cision d\u2019ex\u00e9cution\u00a0sont les caract\u00e9ristiques marquantes de la VG400 LINEAR. Gr\u00e2ce\u00a0\u00e0 son b\u00e2ti\u00a0granit, ses r\u00e8gles de mesures, ses moteurs lin\u00e9aires La\u00a0position verticale\u00a0d\u2019usinage apporte \u00e0 l\u2019op\u00e9rateur de l\u2019ergonomie et un\u00a0v\u00e9ritable confort d\u2019utilisation\u00a0et assure une\u00a0pr\u00e9cision d\u2019usinage parfaite. V\u00e9ritable atout : La position verticale\u00a0est reconnue dans le milieu de l'aff\u00fbtage\u2026","rel":"","context":"Similar post","block_context":{"text":"Similar post","link":""},"img":{"alt_text":"VG400","src":"https:\/\/i0.wp.com\/www.smp-technik.fr\/wp-content\/uploads\/2023\/12\/VG400.png?resize=350%2C200&ssl=1","width":350,"height":200},"classes":[]}],"_links":{"self":[{"href":"https:\/\/www.smp-technik.fr\/index.php\/wp-json\/wp\/v2\/pages\/5475","targetHints":{"allow":["GET"]}}],"collection":[{"href":"https:\/\/www.smp-technik.fr\/index.php\/wp-json\/wp\/v2\/pages"}],"about":[{"href":"https:\/\/www.smp-technik.fr\/index.php\/wp-json\/wp\/v2\/types\/page"}],"author":[{"embeddable":true,"href":"https:\/\/www.smp-technik.fr\/index.php\/wp-json\/wp\/v2\/users\/1"}],"replies":[{"embeddable":true,"href":"https:\/\/www.smp-technik.fr\/index.php\/wp-json\/wp\/v2\/comments?post=5475"}],"version-history":[{"count":15,"href":"https:\/\/www.smp-technik.fr\/index.php\/wp-json\/wp\/v2\/pages\/5475\/revisions"}],"predecessor-version":[{"id":6671,"href":"https:\/\/www.smp-technik.fr\/index.php\/wp-json\/wp\/v2\/pages\/5475\/revisions\/6671"}],"wp:attachment":[{"href":"https:\/\/www.smp-technik.fr\/index.php\/wp-json\/wp\/v2\/media?parent=5475"}],"curies":[{"name":"wp","href":"https:\/\/api.w.org\/{rel}","templated":true}]}}