{"id":3849,"date":"2023-03-03T09:49:51","date_gmt":"2023-03-03T08:49:51","guid":{"rendered":"https:\/\/www.smp-technik.fr\/new_site\/?page_id=3849"},"modified":"2025-03-20T15:51:23","modified_gmt":"2025-03-20T14:51:23","slug":"nos-machines-3","status":"publish","type":"page","link":"https:\/\/www.smp-technik.fr\/index.php\/nos-machines-3\/","title":{"rendered":"Nos Machines"},"content":{"rendered":"\n<div class=\"wp-block-columns is-layout-flex wp-container-core-columns-is-layout-9d6595d7 wp-block-columns-is-layout-flex\">\n<div class=\"wp-block-column is-layout-flow wp-block-column-is-layout-flow\">\n<h3 class=\"wp-block-heading\">CA7<\/h3>\n<\/div>\n\n\n\n<div class=\"wp-block-column is-layout-flow wp-block-column-is-layout-flow\">\n<h3 class=\"wp-block-heading\">CAXL<\/h3>\n<\/div>\n<\/div>\n","protected":false},"excerpt":{"rendered":"<p>CA7 CAXL<\/p>\n","protected":false},"author":1,"featured_media":0,"parent":0,"menu_order":0,"comment_status":"closed","ping_status":"closed","template":"templates\/service.php","meta":{"footnotes":""},"class_list":["post-3849","page","type-page","status-publish","hentry"],"jetpack_sharing_enabled":true,"jetpack-related-posts":[{"id":3907,"url":"https:\/\/www.smp-technik.fr\/index.php\/nos-machines-3\/ca7\/","url_meta":{"origin":3849,"position":0},"title":"CA7","author":"smpadmin","date":"6 March 2023","format":false,"excerpt":"CA7 est une machine \"Broach Expert\" fabriqu\u00e9e par SMP TECHNIK. Equip\u00e9e d\u2019une longue table de 1700 mm, d\u2019une large gamme d\u2019accessoires, d\u2019une \u00e9lectrobroche puissante et d\u2019un logiciel adapt\u00e9, elle est parfaite pour la r\u00e9alisation de tous vos outils quelle que soit leur taille. De plus, sa cin\u00e9matique vous garantit pr\u00e9cision\u2026","rel":"","context":"Similar post","block_context":{"text":"Similar post","link":""},"img":{"alt_text":"CA7","src":"https:\/\/i0.wp.com\/www.smp-technik.fr\/wp-content\/uploads\/2023\/12\/CA7-Ombre-min.png?resize=350%2C200&ssl=1","width":350,"height":200},"classes":[]},{"id":3909,"url":"https:\/\/www.smp-technik.fr\/index.php\/nos-machines-3\/ca7-xl\/","url_meta":{"origin":3849,"position":1},"title":"CA7 XL","author":"smpadmin","date":"6 March 2023","format":false,"excerpt":"La CA7 XL est la derni\u00e8re n\u00e9e de la gamme CA7. Avec sa table pouvant accueillir des outils entre pointe de 2000 mm, elle garantit une qualit\u00e9 d'outils parfaite avec ses r\u00e8gles de mesures et ses moteurs lin\u00e9aires. La puissance de l'\u00e9lectrobroche\u00a0entre 15 et 22.5 kw, les lunettes, les plateaux\u2026","rel":"","context":"Similar post","block_context":{"text":"Similar post","link":""},"img":{"alt_text":"CA7XL","src":"https:\/\/i0.wp.com\/www.smp-technik.fr\/wp-content\/uploads\/2023\/12\/CA7-XL-ombre-1-min.png?resize=350%2C200&ssl=1","width":350,"height":200},"classes":[]},{"id":3898,"url":"https:\/\/www.smp-technik.fr\/index.php\/nos-machines-3\/hg600\/","url_meta":{"origin":3849,"position":2},"title":"HG600 LINEAR","author":"smpadmin","date":"6 March 2023","format":false,"excerpt":"La HG600 vous accompagnera dans l'affutage de vos outils les plus pr\u00e9cis. Mais pas seulement ! Cette machine se montre polyvalente en fabriquant \u00e9galement des fraises m\u00e8res et des couteaux fellow des plus complexes. Logiciels Travail Horizontal 5 axes Moteur Lin\u00e9aire Caract\u00e9ristiques techniques Dimensions de la machine Taille (L x\u2026","rel":"","context":"Similar post","block_context":{"text":"Similar post","link":""},"img":{"alt_text":"HG600","src":"https:\/\/i0.wp.com\/www.smp-technik.fr\/wp-content\/uploads\/2023\/12\/HG600-cote-droit-fond-ombre-min.png?resize=350%2C200&ssl=1","width":350,"height":200},"classes":[]},{"id":3896,"url":"https:\/\/www.smp-technik.fr\/index.php\/nos-machines-3\/vg300-2\/","url_meta":{"origin":3849,"position":3},"title":"VG300","author":"smpadmin","date":"6 March 2023","format":false,"excerpt":"Avec son axe porte outil vertical, la VG300 offre un chargement rapide et ergonomique de l\u2019outil. Ce centre est particuli\u00e8rement bien adapt\u00e9 aux travaux d\u2019aff\u00fbtage et de fabrication d\u2019outils sp\u00e9ciaux. La\u00a0position verticale\u00a0d\u2019usinage apporte \u00e0 l\u2019op\u00e9rateur un\u00a0v\u00e9ritable confort d\u2019utilisation\u00a0(mise en place des mandrins, visualisation ais\u00e9e des outils) Logiciels Travail vertical 5\u2026","rel":"","context":"Similar post","block_context":{"text":"Similar post","link":""},"img":{"alt_text":"VG300","src":"https:\/\/i0.wp.com\/www.smp-technik.fr\/wp-content\/uploads\/2023\/12\/VG300.png?resize=350%2C200&ssl=1","width":350,"height":200},"classes":[]},{"id":3902,"url":"https:\/\/www.smp-technik.fr\/index.php\/nos-machines-3\/ca5\/","url_meta":{"origin":3849,"position":4},"title":"CA5","author":"smpadmin","date":"6 March 2023","format":false,"excerpt":"Equip\u00e9e d\u2019une longue table de 720 mm, d\u2019une large gamme d\u2019accessoires, d'une \u00e9lectro broche puissante et du logiciel multifonction EasyGrind d\u00e9velopp\u00e9 par SMP Technik, La CA5 EvoBoost est parfaite pour la r\u00e9alisation de tous vos outils de petite et moyenne taille. Logiciels Travail Horizontal Moteur Lin\u00e9aire 5 axes Caract\u00e9ristiques techniques\u2026","rel":"","context":"Similar post","block_context":{"text":"Similar post","link":""},"img":{"alt_text":"CA5","src":"https:\/\/i0.wp.com\/www.smp-technik.fr\/wp-content\/uploads\/2023\/12\/CA5-cote-gauche-ombre-fond-blanc-min.png?resize=350%2C200&ssl=1","width":350,"height":200},"classes":[]},{"id":3874,"url":"https:\/\/www.smp-technik.fr\/index.php\/nos-machines-3\/vg400-linear\/","url_meta":{"origin":3849,"position":5},"title":"VG400 LINEAR","author":"smpadmin","date":"6 March 2023","format":false,"excerpt":"Rigidit\u00e9, universalit\u00e9, rapidit\u00e9 et pr\u00e9cision d\u2019ex\u00e9cution\u00a0sont les caract\u00e9ristiques marquantes de la VG400 LINEAR. Gr\u00e2ce\u00a0\u00e0 son b\u00e2ti\u00a0granit, ses r\u00e8gles de mesures, ses moteurs lin\u00e9aires La\u00a0position verticale\u00a0d\u2019usinage apporte \u00e0 l\u2019op\u00e9rateur de l\u2019ergonomie et un\u00a0v\u00e9ritable confort d\u2019utilisation\u00a0et assure une\u00a0pr\u00e9cision d\u2019usinage parfaite. V\u00e9ritable atout : La position verticale\u00a0est reconnue dans le milieu de l'aff\u00fbtage\u2026","rel":"","context":"Similar post","block_context":{"text":"Similar post","link":""},"img":{"alt_text":"VG400","src":"https:\/\/i0.wp.com\/www.smp-technik.fr\/wp-content\/uploads\/2023\/12\/VG400.png?resize=350%2C200&ssl=1","width":350,"height":200},"classes":[]}],"_links":{"self":[{"href":"https:\/\/www.smp-technik.fr\/index.php\/wp-json\/wp\/v2\/pages\/3849","targetHints":{"allow":["GET"]}}],"collection":[{"href":"https:\/\/www.smp-technik.fr\/index.php\/wp-json\/wp\/v2\/pages"}],"about":[{"href":"https:\/\/www.smp-technik.fr\/index.php\/wp-json\/wp\/v2\/types\/page"}],"author":[{"embeddable":true,"href":"https:\/\/www.smp-technik.fr\/index.php\/wp-json\/wp\/v2\/users\/1"}],"replies":[{"embeddable":true,"href":"https:\/\/www.smp-technik.fr\/index.php\/wp-json\/wp\/v2\/comments?post=3849"}],"version-history":[{"count":3,"href":"https:\/\/www.smp-technik.fr\/index.php\/wp-json\/wp\/v2\/pages\/3849\/revisions"}],"predecessor-version":[{"id":4791,"href":"https:\/\/www.smp-technik.fr\/index.php\/wp-json\/wp\/v2\/pages\/3849\/revisions\/4791"}],"wp:attachment":[{"href":"https:\/\/www.smp-technik.fr\/index.php\/wp-json\/wp\/v2\/media?parent=3849"}],"curies":[{"name":"wp","href":"https:\/\/api.w.org\/{rel}","templated":true}]}}