{"id":3599,"date":"2023-01-30T14:29:31","date_gmt":"2023-01-30T13:29:31","guid":{"rendered":"https:\/\/www.smp-technik.fr\/new_site\/?page_id=3599"},"modified":"2024-01-19T16:15:09","modified_gmt":"2024-01-19T15:15:09","slug":"equipements","status":"publish","type":"page","link":"https:\/\/www.smp-technik.fr\/index.php\/nos-machines-3\/equipements\/","title":{"rendered":"Equipements"},"content":{"rendered":"\n<p>SMP Technik propose \u00e9galement une large gamme d&#8217;\u00e9quipements afin d&#8217;am\u00e9liorer et de faciliter l&#8217;entretien de vos outils et de votre mat\u00e9riel. <\/p>\n\n\n            <div class=\"wp-block-icb-cards  align\" id='icbCards-5953c494-3a88-4905-a119-d7ce1a53b0e8' data-attributes='{&quot;clientId&quot;:&quot;5953c494-3a88-4905-a119-d7ce1a53b0e8&quot;,&quot;cards&quot;:[{&quot;background&quot;:{&quot;color&quot;:&quot;#fff&quot;},&quot;img&quot;:&quot;https:\\\/\\\/www.smp-technik.fr\\\/wp-content\\\/uploads\\\/2023\\\/12\\\/equilibreuse-min.png&quot;,&quot;title&quot;:&quot;Equilibreuse BMT200.OP20 -100&quot;,&quot;desc&quot;:&quot;&quot;,&quot;btnLabal&quot;:&quot;D\\u00e9tails&quot;,&quot;btnUrl&quot;:&quot;https:\\\/\\\/www.smp-technik.fr\\\/index.php\\\/nos-machines-3\\\/equipements\\\/equilibreuse-bmt200-op\\\/&quot;},{&quot;background&quot;:{&quot;color&quot;:&quot;#fff&quot;},&quot;img&quot;:&quot;https:\\\/\\\/www.smp-technik.fr\\\/wp-content\\\/uploads\\\/2023\\\/12\\\/image-2-edited-min.png&quot;,&quot;title&quot;:&quot;Equilibreuse BMT200.TS20&quot;,&quot;desc&quot;:&quot;&quot;,&quot;btnLabal&quot;:&quot;D\\u00e9tails&quot;,&quot;btnUrl&quot;:&quot;#https:\\\/\\\/www.smp-technik.fr\\\/index.php\\\/nos-machines-3\\\/equipements\\\/equilibreuse-bmt200-ts20\\\/&quot;},{&quot;background&quot;:{&quot;color&quot;:&quot;#fff&quot;},&quot;img&quot;:&quot;https:\\\/\\\/www.smp-technik.fr\\\/wp-content\\\/uploads\\\/2023\\\/12\\\/image-2-edited-min.png&quot;,&quot;title&quot;:&quot;Equilibreuse BMT200.TS40-100&quot;,&quot;desc&quot;:&quot;&quot;,&quot;btnLabal&quot;:&quot;D\\u00e9tails&quot;,&quot;btnUrl&quot;:&quot;#https:\\\/\\\/www.smp-technik.fr\\\/index.php\\\/nos-machines-3\\\/equipements\\\/equilibreuse-bmt200-ts40-et-ts100\\\/&quot;}],&quot;btnColors&quot;:{&quot;color&quot;:&quot;#fff&quot;,&quot;bg&quot;:&quot;rgba(187, 16, 104, 1)&quot;},&quot;btnHovColors&quot;:{&quot;color&quot;:&quot;#fff&quot;,&quot;bg&quot;:&quot;rgba(59, 59, 59, 1)&quot;},&quot;className&quot;:&quot;&quot;,&quot;align&quot;:&quot;&quot;,&quot;layout&quot;:&quot;vertical&quot;,&quot;theme&quot;:&quot;default&quot;,&quot;columns&quot;:{&quot;desktop&quot;:3,&quot;tablet&quot;:2,&quot;mobile&quot;:1},&quot;columnGap&quot;:&quot;20px&quot;,&quot;rowGap&quot;:&quot;20px&quot;,&quot;isImg&quot;:true,&quot;imgHeight&quot;:&quot;200px&quot;,&quot;imgPos&quot;:&quot;first&quot;,&quot;background&quot;:{&quot;color&quot;:&quot;#0000&quot;},&quot;padding&quot;:{&quot;top&quot;:&quot;0px&quot;,&quot;right&quot;:&quot;0x&quot;,&quot;bottom&quot;:&quot;0px&quot;,&quot;left&quot;:&quot;0px&quot;},&quot;cardPadding&quot;:{&quot;top&quot;:&quot;0px&quot;,&quot;right&quot;:&quot;0px&quot;,&quot;bottom&quot;:&quot;0px&quot;,&quot;left&quot;:&quot;0px&quot;},&quot;cardRadius&quot;:&quot;8px&quot;,&quot;cardShadow&quot;:[{&quot;hOffset&quot;:&quot;0px&quot;,&quot;vOffset&quot;:&quot;4px&quot;,&quot;blur&quot;:&quot;8px&quot;,&quot;spreed&quot;:&quot;0px&quot;,&quot;color&quot;:&quot;#0003&quot;}],&quot;contentAlign&quot;:&quot;left&quot;,&quot;contentPadding&quot;:{&quot;top&quot;:&quot;20px&quot;,&quot;right&quot;:&quot;15px&quot;,&quot;bottom&quot;:&quot;15px&quot;,&quot;left&quot;:&quot;15px&quot;},&quot;titleTypo&quot;:{&quot;fontSize&quot;:&quot;20&quot;},&quot;descTypo&quot;:{&quot;fontSize&quot;:&quot;16&quot;},&quot;btnTypo&quot;:{&quot;fontSize&quot;:15,&quot;textDecoration&quot;:&quot;none&quot;},&quot;btnAlign&quot;:&quot;left&quot;,&quot;btnPadding&quot;:{&quot;top&quot;:&quot;10px&quot;,&quot;right&quot;:&quot;15px&quot;,&quot;bottom&quot;:&quot;10px&quot;,&quot;left&quot;:&quot;15px&quot;},&quot;btnRadius&quot;:&quot;8px&quot;}'><\/div>\r\n\r\n            ","protected":false},"excerpt":{"rendered":"<p>SMP Technik propose \u00e9galement une large gamme d&#8217;\u00e9quipements afin d&#8217;am\u00e9liorer et de faciliter l&#8217;entretien de vos outils et de votre mat\u00e9riel.<\/p>\n","protected":false},"author":1,"featured_media":0,"parent":3849,"menu_order":0,"comment_status":"closed","ping_status":"closed","template":"templates\/fullwidth.php","meta":{"footnotes":""},"class_list":["post-3599","page","type-page","status-publish","hentry"],"jetpack_sharing_enabled":true,"jetpack-related-posts":[{"id":3601,"url":"https:\/\/www.smp-technik.fr\/index.php\/services\/","url_meta":{"origin":3599,"position":0},"title":"Services","author":"smpadmin","date":"30 January 2023","format":false,"excerpt":"Dans l'optique de vous offrir le maximum de confort et de s\u00e9curit\u00e9 dans l'utilisation de nos machines, nous vous proposons toute une gamme de services. Retrouvez la descriptions de chacun d'entre eux. Intervention sur site Une \u00e9quipe pluridisciplinaire de techniciens hautement qualifi\u00e9s est en mesure d'intervenir sur site dans les\u2026","rel":"","context":"Similar post","block_context":{"text":"Similar post","link":""},"img":{"alt_text":"icone intervention sur site","src":"https:\/\/i0.wp.com\/www.smp-technik.fr\/wp-content\/uploads\/2023\/12\/icone-22inter-a-dom22-min.png?resize=350%2C200&ssl=1","width":350,"height":200,"srcset":"https:\/\/i0.wp.com\/www.smp-technik.fr\/wp-content\/uploads\/2023\/12\/icone-22inter-a-dom22-min.png?resize=350%2C200&ssl=1 1x, https:\/\/i0.wp.com\/www.smp-technik.fr\/wp-content\/uploads\/2023\/12\/icone-22inter-a-dom22-min.png?resize=525%2C300&ssl=1 1.5x, https:\/\/i0.wp.com\/www.smp-technik.fr\/wp-content\/uploads\/2023\/12\/icone-22inter-a-dom22-min.png?resize=700%2C400&ssl=1 2x, https:\/\/i0.wp.com\/www.smp-technik.fr\/wp-content\/uploads\/2023\/12\/icone-22inter-a-dom22-min.png?resize=1050%2C600&ssl=1 3x, https:\/\/i0.wp.com\/www.smp-technik.fr\/wp-content\/uploads\/2023\/12\/icone-22inter-a-dom22-min.png?resize=1400%2C800&ssl=1 4x"},"classes":[]},{"id":1855,"url":"https:\/\/www.smp-technik.fr\/index.php\/depuis-1946\/","url_meta":{"origin":3599,"position":1},"title":"L&#8217;entreprise","author":"smpadmin","date":"6 January 2023","format":false,"excerpt":"Avec une\u00a0culture de service forte, une force de propositions techniques\u00a0tr\u00e8s r\u00e9active\u00a0et une politique\u00a0qualit\u00e9 rigoureuse,\u00a0SMP\u00a0est un acteur pluridisciplinaire de l\u2019industrie de la m\u00e9canique.\u00a0Notre vocation est d'am\u00e9liorer les performances\u00a0de nos clients,\u00a0par un apport significatif en mati\u00e8re de \u00a0conception\u00a0et de\u00a0r\u00e9alisation\u00a0d\u2019\u00e9quipements de\u00a0haute pr\u00e9cision\u00a0pour l\u2019industrie m\u00e9canique.SMP Technik con\u00e7oit et fabrique des\u00a0produits propres\u00a0: Plateaux CN 1\u2026","rel":"","context":"Similar post","block_context":{"text":"Similar post","link":""},"img":{"alt_text":"","src":"https:\/\/i0.wp.com\/www.smp-technik.fr\/wp-content\/uploads\/2023\/01\/image.png?resize=350%2C200&ssl=1","width":350,"height":200,"srcset":"https:\/\/i0.wp.com\/www.smp-technik.fr\/wp-content\/uploads\/2023\/01\/image.png?resize=350%2C200&ssl=1 1x, https:\/\/i0.wp.com\/www.smp-technik.fr\/wp-content\/uploads\/2023\/01\/image.png?resize=525%2C300&ssl=1 1.5x, https:\/\/i0.wp.com\/www.smp-technik.fr\/wp-content\/uploads\/2023\/01\/image.png?resize=700%2C400&ssl=1 2x"},"classes":[]},{"id":5821,"url":"https:\/\/www.smp-technik.fr\/index.php\/nos-machines-3\/equipements\/equilibreuse-bmt200-op\/","url_meta":{"origin":3599,"position":2},"title":"Equilibreuse BMT200-OP","author":"smpadmin","date":"5 December 2023","format":false,"excerpt":"La pr\u00e9cision en pr\u00e9cision HightTech dans un petit espace ! L\u2019\u00e9quilibrage permet de limiterles vibrations et donc l\u2019usure desbroches et des meules. Vous pourrez r\u00e9duireles temps d\u2019arr\u00eat, augmenter la fiabilit\u00e9 del\u2019ensemble du processus et am\u00e9liorer l'\u00e9tat de surface de vos outils. Pour des pi\u00e8ces de toutes tailles Dimensions Poids seulement\u2026","rel":"","context":"Similar post","block_context":{"text":"Similar post","link":""},"img":{"alt_text":"\u00e9quilibreuse OP","src":"https:\/\/i0.wp.com\/www.smp-technik.fr\/wp-content\/uploads\/2023\/12\/equilibreuse-min.png?resize=350%2C200&ssl=1","width":350,"height":200,"srcset":"https:\/\/i0.wp.com\/www.smp-technik.fr\/wp-content\/uploads\/2023\/12\/equilibreuse-min.png?resize=350%2C200&ssl=1 1x, https:\/\/i0.wp.com\/www.smp-technik.fr\/wp-content\/uploads\/2023\/12\/equilibreuse-min.png?resize=525%2C300&ssl=1 1.5x, https:\/\/i0.wp.com\/www.smp-technik.fr\/wp-content\/uploads\/2023\/12\/equilibreuse-min.png?resize=700%2C400&ssl=1 2x, https:\/\/i0.wp.com\/www.smp-technik.fr\/wp-content\/uploads\/2023\/12\/equilibreuse-min.png?resize=1050%2C600&ssl=1 3x, https:\/\/i0.wp.com\/www.smp-technik.fr\/wp-content\/uploads\/2023\/12\/equilibreuse-min.png?resize=1400%2C800&ssl=1 4x"},"classes":[]},{"id":6111,"url":"https:\/\/www.smp-technik.fr\/index.php\/nos-machines-3\/equipements\/systemes-de-filtration\/","url_meta":{"origin":3599,"position":3},"title":"Syst\u00e8mes de filtration","author":"smpadmin","date":"29 January 2024","format":false,"excerpt":"Afin de filtrer vos huiles, SMP Technik vous propose deux sortes de syst\u00e8mes de filtration pour r\u00e9pondre au mieux \u00e0 vos besoin. Syst\u00e8me de filtration 5 microns D\u00e9tails techniques du syst\u00e8me : 2 tours de filtration en AISI 304 avec composants VITON 4 cartouches filtrantes seuil de filtration 5 microns\u2026","rel":"","context":"Similar post","block_context":{"text":"Similar post","link":""},"img":{"alt_text":"filtrations","src":"https:\/\/i0.wp.com\/www.smp-technik.fr\/wp-content\/uploads\/2023\/12\/image-3-edited.png?resize=350%2C200&ssl=1","width":350,"height":200,"srcset":"https:\/\/i0.wp.com\/www.smp-technik.fr\/wp-content\/uploads\/2023\/12\/image-3-edited.png?resize=350%2C200&ssl=1 1x, https:\/\/i0.wp.com\/www.smp-technik.fr\/wp-content\/uploads\/2023\/12\/image-3-edited.png?resize=525%2C300&ssl=1 1.5x, https:\/\/i0.wp.com\/www.smp-technik.fr\/wp-content\/uploads\/2023\/12\/image-3-edited.png?resize=700%2C400&ssl=1 2x"},"classes":[]},{"id":5831,"url":"https:\/\/www.smp-technik.fr\/index.php\/nos-machines-3\/equipements\/equilibreuse-bmt200-ts20\/","url_meta":{"origin":3599,"position":4},"title":"Equilibreuse BMT200.TS20","author":"smpadmin","date":"5 December 2023","format":false,"excerpt":"La pr\u00e9cision en pr\u00e9cision HightTech dans un petit espace ! L\u2019\u00e9quilibrage permet de limiterles vibrations et donc l\u2019usure desbroches et des meules. Vous pourrez r\u00e9duireles temps d\u2019arr\u00eat,d\u2019augmenter la fiabilit\u00e9 del\u2019ensemble du processus et am\u00e9liorer l'\u00e9tat de surface de vos outils. Pour outils en:SA\/BT 10, 20, 30HSK 25, 32Pour des Portes-meules:SDA\u2026","rel":"","context":"Similar post","block_context":{"text":"Similar post","link":""},"img":{"alt_text":"\u00e9quilibreuse TS","src":"https:\/\/i0.wp.com\/www.smp-technik.fr\/wp-content\/uploads\/2023\/11\/image-2-edited.png?resize=350%2C200&ssl=1","width":350,"height":200,"srcset":"https:\/\/i0.wp.com\/www.smp-technik.fr\/wp-content\/uploads\/2023\/11\/image-2-edited.png?resize=350%2C200&ssl=1 1x, https:\/\/i0.wp.com\/www.smp-technik.fr\/wp-content\/uploads\/2023\/11\/image-2-edited.png?resize=525%2C300&ssl=1 1.5x"},"classes":[]},{"id":3909,"url":"https:\/\/www.smp-technik.fr\/index.php\/nos-machines-3\/ca7-xl\/","url_meta":{"origin":3599,"position":5},"title":"CA7 XL","author":"smpadmin","date":"6 March 2023","format":false,"excerpt":"La CA7 XL est la derni\u00e8re n\u00e9e de la gamme CA7. Avec sa table pouvant accueillir des outils entre pointe de 2000 mm, elle garantit une qualit\u00e9 d'outils parfaite avec ses r\u00e8gles de mesures et ses moteurs lin\u00e9aires. La puissance de l'\u00e9lectrobroche\u00a0entre 15 et 22.5 kw, les lunettes, les plateaux\u2026","rel":"","context":"Similar post","block_context":{"text":"Similar post","link":""},"img":{"alt_text":"CA7XL","src":"https:\/\/i0.wp.com\/www.smp-technik.fr\/wp-content\/uploads\/2023\/12\/CA7-XL-ombre-1-min.png?resize=350%2C200&ssl=1","width":350,"height":200},"classes":[]}],"_links":{"self":[{"href":"https:\/\/www.smp-technik.fr\/index.php\/wp-json\/wp\/v2\/pages\/3599","targetHints":{"allow":["GET"]}}],"collection":[{"href":"https:\/\/www.smp-technik.fr\/index.php\/wp-json\/wp\/v2\/pages"}],"about":[{"href":"https:\/\/www.smp-technik.fr\/index.php\/wp-json\/wp\/v2\/types\/page"}],"author":[{"embeddable":true,"href":"https:\/\/www.smp-technik.fr\/index.php\/wp-json\/wp\/v2\/users\/1"}],"replies":[{"embeddable":true,"href":"https:\/\/www.smp-technik.fr\/index.php\/wp-json\/wp\/v2\/comments?post=3599"}],"version-history":[{"count":17,"href":"https:\/\/www.smp-technik.fr\/index.php\/wp-json\/wp\/v2\/pages\/3599\/revisions"}],"predecessor-version":[{"id":6372,"href":"https:\/\/www.smp-technik.fr\/index.php\/wp-json\/wp\/v2\/pages\/3599\/revisions\/6372"}],"up":[{"embeddable":true,"href":"https:\/\/www.smp-technik.fr\/index.php\/wp-json\/wp\/v2\/pages\/3849"}],"wp:attachment":[{"href":"https:\/\/www.smp-technik.fr\/index.php\/wp-json\/wp\/v2\/media?parent=3599"}],"curies":[{"name":"wp","href":"https:\/\/api.w.org\/{rel}","templated":true}]}}